{"id":12191,"date":"2024-09-17T16:44:25","date_gmt":"2024-09-17T14:44:25","guid":{"rendered":"https:\/\/nieuw.camping2000.com\/?page_id=12191"},"modified":"2024-11-22T11:49:02","modified_gmt":"2024-11-22T10:49:02","slug":"pravidla-a-podminky","status":"publish","type":"page","link":"https:\/\/camping2000.com\/cs\/pravidla-a-podminky\/","title":{"rendered":"Pravidla a podm\u00ednky"},"content":{"rendered":"<h4>Koronov\u00e9 pouk\u00e1zky 2020<\/h4>\n<p>Poukazy, kter\u00e9 jste obdr\u017eeli v roce 2020, m\u016f\u017eete pou\u017e\u00edt a\u017e do roku 2022 v\u010detn\u011b. Nyn\u00ed ji\u017e nejsou platn\u00e9.<\/p>\n<h4>Rezervace<\/h4>\n<p>Po va\u0161\u00ed rezervaci v\u00e1m Camping 2000 co nejd\u0159\u00edve za\u0161le potvrzen\u00ed, kter\u00e9 bude z\u00e1rove\u0148 slou\u017eit jako faktura. V p\u0159\u00edpad\u011b pozd\u011bj\u0161\u00edho p\u0159\u00edjezdu na m\u00edsto kempu nebo ubytov\u00e1n\u00ed nebo d\u0159\u00edv\u011bj\u0161\u00edho odjezdu, ne\u017e je rezervov\u00e1no, se za nevyu\u017eit\u00e9 m\u00edsto na kempov\u00e1n\u00ed nebo ubytov\u00e1n\u00ed nevrac\u00ed \u017e\u00e1dn\u00e1 n\u00e1hrada. Maxim\u00e1ln\u00ed po\u010det osob na kemp nebo mobiln\u00ed d\u016fm je 8 osob au stan\u016f je to 6 osob.<\/p>\n<p>D\u011btskou sadu lze zaru\u010dit pouze na vy\u017e\u00e1d\u00e1n\u00ed p\u0159i rezervaci. Po\u010det l\u016f\u017eek v kempu nebo mobiln\u00edm dom\u011b je p\u0159izp\u016fsoben pro 6 nebo 8 osob. Zv\u00ed\u0159ata jsou povolena pouze v p\u0159\u00edpad\u011b, \u017ee bylo po\u017e\u00e1d\u00e1no o povolen\u00ed s \u017e\u00e1dost\u00ed o rezervaci a Camping 2000 povolil p\u0159iv\u00e9zt si va\u0161eho mazl\u00ed\u010dka.<\/p>\n<p>Jste p\u0159\u00edmo odpov\u011bdn\u00ed za jak\u00e9koli n\u00e1sledky, jako je po\u0161kozen\u00ed kempu nebo mobiln\u00edho domu a obt\u011b\u017eov\u00e1n\u00ed ostatn\u00edch rekreant\u016f. V nejhor\u0161\u00edm p\u0159\u00edpad\u011b budete po\u017e\u00e1d\u00e1ni o opu\u0161t\u011bn\u00ed kempu. Pak nem\u00e1te n\u00e1rok na vr\u00e1cen\u00ed pen\u011bz.<\/p>\n<h4>Zp\u016fsob platby<\/h4>\n<p>Po obdr\u017een\u00ed potvrzen\u00ed rezervace mus\u00ed b\u00fdt polovina cestovn\u00ed \u010d\u00e1stky uhrazena do 14 dn\u016f.<\/p>\n<h4>Zbytek cestovn\u00ed \u010d\u00e1stky je t\u0159eba uhradit 4 t\u00fddny p\u0159ed p\u0159\u00edjezdem do kempu.<\/h4>\n<p>Pokud z\u00e1loha a\/nebo zbytek cestovn\u00ed \u010d\u00e1stky nebude uhrazen ve stanoven\u00e9m term\u00ednu, Camping 2000 si vyhrazuje pr\u00e1vo zru\u0161it rezervaci a \u017eadatel nese odpov\u011bdnost za storno n\u00e1klady (viz storno podm\u00ednky).<\/p>\n<p>V p\u0159\u00edpad\u011b prodlen\u00ed s platbou ponese ve\u0161ker\u00e9 n\u00e1klady, soudn\u00ed i mimosoudn\u00ed, \u017eadatel, v\u010detn\u011b z\u00e1konn\u00e9ho \u00faroku z dlu\u017en\u00e9 \u010d\u00e1stky od m\u011bs\u00edce n\u00e1sleduj\u00edc\u00edho po datu platby, jak je uvedeno na potvrzen\u00ed rezervace.<\/p>\n<h4>Zm\u011bny ji\u017e potvrzen\u00fdch rezervac\u00ed<\/h4>\n<p>\u017dadatel m\u016f\u017ee prov\u00e9st zm\u011bny rezervace zdarma a\u017e 8 t\u00fddn\u016f p\u0159ed p\u0159\u00edjezdem. Pot\u00e9 jsou n\u00e1klady na zm\u011bnu 20,00 EUR. Za zm\u011bny proveden\u00e9 do 10 dn\u016f od data potvrzen\u00ed rezervace nejsou \u00fa\u010dtov\u00e1ny \u017e\u00e1dn\u00e9 poplatky. Pro zm\u011bny, kter\u00e9 zahrnuj\u00ed \u010d\u00e1ste\u010dn\u00e9 zru\u0161en\u00ed, plat\u00ed z\u00e1sady zru\u0161en\u00ed pro danou \u010d\u00e1st .<\/p>\n<p>Pokud se rezervovan\u00e1 doba b\u011bhem pobytu v kempu prodlou\u017e\u00ed, budete muset zaplatit za pobyt nav\u00edc v kempu podle cen uveden\u00fdch na webov\u00fdch str\u00e1nk\u00e1ch.<\/p>\n<p>Na \u017e\u00e1dn\u00e9 nab\u00eddky nelze vzn\u00e1\u0161et \u017e\u00e1dn\u00e9 n\u00e1roky.<\/p>\n<h4>Storno podm\u00ednky<\/h4>\n<p>Rezervace lze zru\u0161it pouze p\u00edsemn\u011b zasl\u00e1n\u00edm e-mailu na booking@camping2000.com.<\/p>\n<p>P\u0159i zru\u0161en\u00ed rezervace do 12 t\u00fddn\u016f p\u0159ed p\u0159\u00edjezdem bude \u00fa\u010dtov\u00e1no 20 % z ceny z\u00e1jezdu<br \/>\nzpoplatn\u011bno minim\u00e1ln\u011b 100,00 \u20ac.<\/p>\n<p>V p\u0159\u00edpad\u011b zru\u0161en\u00ed rezervace mezi 12 a 8 t\u00fddny p\u0159ed p\u0159\u00edjezdem bude vr\u00e1ceno 60 % z ceny z\u00e1jezdu<br \/>\nzpoplatn\u011bno, minim\u00e1ln\u011b 100,00 \u20ac.<\/p>\n<p>V p\u0159\u00edpad\u011b zru\u0161en\u00ed rezervace mezi 8 a 4 t\u00fddny p\u0159ed p\u0159\u00edjezdem bude \u00fa\u010dtov\u00e1no 80 % z ceny z\u00e1jezdu<br \/>\nzpoplatn\u011bno minim\u00e1ln\u011b 100,00 \u20ac.<\/p>\n<p>V p\u0159\u00edpad\u011b zru\u0161en\u00ed mezi 4 t\u00fddny p\u0159ed p\u0159\u00edjezdem a dnem samotn\u00e9ho p\u0159\u00edjezdu,<br \/>\nbude \u00fa\u010dtov\u00e1na pln\u00e1 cestovn\u00ed \u010d\u00e1stka.<\/p>\n<h4>Vklad<\/h4>\n<p>1. Z\u00e1loha za rezervaci je 100 \u20ac. Pokud p\u0159i odjezdu zanech\u00e1te ubytov\u00e1n\u00ed uklizen\u00e9, bez po\u0161kozen\u00ed a \u010dist\u00e9, z\u00e1loha v\u00e1m bude vr\u00e1cena na v\u00e1mi uveden\u00fd bankovn\u00ed \u00fa\u010det.<\/p>\n<h4>Odpov\u011bdnost<\/h4>\n<p>Camping 2000 nem\u016f\u017ee p\u0159ijmout \u017e\u00e1dnou odpov\u011bdnost za ztr\u00e1tu, kr\u00e1de\u017e, po\u0161kozen\u00ed nebo zran\u011bn\u00ed, jakkoli tato \u0161koda nebo zran\u011bn\u00ed vznikla. Wpml_nbsp\u00da\u010dast na aktivit\u00e1ch organizovan\u00fdch v kempu nebo kempem je zcela na va\u0161e vlastn\u00ed riziko.<\/p>\n<p>U\u017eivatel\u00e9 mus\u00ed respektovat pravidla chov\u00e1n\u00ed stanoven\u00e1 Campingem 2000 pro hosty p\u0159\u00edtomn\u00e9 na jeho str\u00e1nk\u00e1ch.<\/p>\n<p>Na za\u010d\u00e1tku a na konci sez\u00f3ny m\u016f\u017ee b\u00fdt Camping 2000 nucen nenab\u00edzet host\u016fm \u0159adu za\u0159\u00edzen\u00ed .<\/p>\n<p>Camping 2000 nen\u00ed povinen v p\u0159\u00edpad\u011b z\u00e1sahu vy\u0161\u0161\u00ed moci vr\u00e1tit \u017eadateli cestovn\u00ed \u010d\u00e1stku. Vy\u0161\u0161\u00ed moc by m\u011bla b\u00fdt v ka\u017ed\u00e9m p\u0159\u00edpad\u011b ch\u00e1p\u00e1na \u2013 ani\u017e by byla vy\u010derp\u00e1vaj\u00edc\u00ed \u2013:<\/p>\n<p>vyhl\u00e1\u0161en\u00ed nouzov\u00e9ho stavu v oblasti, ve kter\u00e9 se kemp nach\u00e1z\u00ed, propuknut\u00ed naka\u017eliv\u00e9ho onemocn\u011bn\u00ed , kter\u00e1 mohou b\u00fdt nebezpe\u010dn\u00e1 pro lidi a\/nebo zv\u00ed\u0159ata (nap\u0159. BSE, mor prasat a slintavka a kulhavka). a hroz\u00edc\u00ed povod\u0148ov\u00e9 riziko.<\/p>\n<h4>St\u00ed\u017enosti<\/h4>\n<p>Pokud m\u00e1te opr\u00e1vn\u011bnou st\u00ed\u017enost, budeme r\u00e1di, kdy\u017e n\u00e1s o tom co nejd\u0159\u00edve informujete e-mailem na booking@camping2000.com, pokus\u00edme se naj\u00edt p\u0159ijateln\u00e9 \u0159e\u0161en\u00ed.<\/p>\n<p>P\u0159ejeme v\u00e1m hezkou dovolenou v Camping 2000.<\/p>\n","protected":false},"excerpt":{"rendered":"<p>Koronov\u00e9 pouk\u00e1zky 2020 Poukazy, kter\u00e9 jste obdr\u017eeli v roce 2020,  [&#8230;]<\/p>\n","protected":false},"author":2,"featured_media":0,"parent":0,"menu_order":9,"comment_status":"closed","ping_status":"closed","template":"","meta":{"_acf_changed":false,"footnotes":""},"class_list":["post-12191","page","type-page","status-publish","hentry"],"acf":[],"_links":{"self":[{"href":"https:\/\/camping2000.com\/cs\/wp-json\/wp\/v2\/pages\/12191","targetHints":{"allow":["GET"]}}],"collection":[{"href":"https:\/\/camping2000.com\/cs\/wp-json\/wp\/v2\/pages"}],"about":[{"href":"https:\/\/camping2000.com\/cs\/wp-json\/wp\/v2\/types\/page"}],"author":[{"embeddable":true,"href":"https:\/\/camping2000.com\/cs\/wp-json\/wp\/v2\/users\/2"}],"replies":[{"embeddable":true,"href":"https:\/\/camping2000.com\/cs\/wp-json\/wp\/v2\/comments?post=12191"}],"version-history":[{"count":0,"href":"https:\/\/camping2000.com\/cs\/wp-json\/wp\/v2\/pages\/12191\/revisions"}],"wp:attachment":[{"href":"https:\/\/camping2000.com\/cs\/wp-json\/wp\/v2\/media?parent=12191"}],"curies":[{"name":"wp","href":"https:\/\/api.w.org\/{rel}","templated":true}]}}