{"id":12197,"date":"2024-09-17T11:03:33","date_gmt":"2024-09-17T09:03:33","guid":{"rendered":"https:\/\/nieuw.camping2000.com\/?page_id=12197"},"modified":"2024-11-22T15:27:18","modified_gmt":"2024-11-22T14:27:18","slug":"zasady-ochrany-osobnich-udaju","status":"publish","type":"page","link":"https:\/\/camping2000.com\/cs\/zasady-ochrany-osobnich-udaju\/","title":{"rendered":"Z\u00e1sady ochrany osobn\u00edch \u00fadaj\u016f"},"content":{"rendered":"<p>Camping 2000 Jan\u016fv D\u016fl S.R.O., (KVK.\u010d.: 25038222, Jan\u016fv D\u016fl 15, Jan\u016fv D\u016fl \u010cesk\u00e1 republika), d\u00e1le jen Camping 2000, odpov\u00edd\u00e1 za zpracov\u00e1n\u00ed osobn\u00edch \u00fadaj\u016f, jak je uvedeno v tomto prohl\u00e1\u0161en\u00ed o ochran\u011b osobn\u00edch \u00fadaj\u016f. (d\u00e1le jen: \u201emy\u201c) pova\u017euje ochranu osobn\u00edch \u00fadaj\u016f za velmi d\u016fle\u017eitou. Va\u0161e \u00fadaje proto zpracov\u00e1v\u00e1me s maxim\u00e1ln\u00ed mo\u017enou p\u00e9\u010d\u00ed.<\/p>\n<p>T\u00edmto prohl\u00e1\u0161en\u00edm o ochran\u011b osobn\u00edch \u00fadaj\u016f v\u00e1s informujeme o tom, jak nakl\u00e1d\u00e1me s osobn\u00edmi \u00fadaji.<\/p>\n<h4>Zpracov\u00e1van\u00e9 osobn\u00ed \u00fadaje<\/h4>\n<p>Osobn\u00ed \u00fadaje o v\u00e1s zpracov\u00e1v\u00e1me proto, \u017ee jste n\u00e1m je sami poskytli p\u0159i uzav\u00edr\u00e1n\u00ed smlouvy s n\u00e1mi, ale tak\u00e9 tehdy, kdy\u017e vyu\u017e\u00edv\u00e1te na\u0161e slu\u017eby a t\u00edm n\u00e1m poskytujete \u00fadaje nebo n\u00e1m umo\u017e\u0148ujete evidovat \u00fadaje o va\u0161ich z\u00e1jmech a preferenc\u00edch.<\/p>\n<h4>Informace n\u00e1m poskytnut\u00e9<\/h4>\n<p>Pokud uzav\u0159ete smlouvu s Camping 2000, pot\u0159ebujeme od v\u00e1s n\u00e1sleduj\u00edc\u00ed osobn\u00ed \u00fadaje.<\/p>\n<p>jm\u00e9no a adresa (jm\u00e9no a adresa);<br \/>\nkontaktn\u00ed \u00fadaje (jako je (mobiln\u00ed) telefonn\u00ed \u010d\u00edslo a e-mailov\u00e1 adresa);<br \/>\nsex;<br \/>\nPozn\u00e1vac\u00ed zna\u010dka;<br \/>\nfinan\u010dn\u00ed \u00fadaje (informace o bankovn\u00edm \u00fa\u010dtu)<\/p>\n<h4>Informace o va\u0161em pou\u017e\u00edv\u00e1n\u00ed na\u0161ich slu\u017eeb<\/h4>\n<p>Pokud vyu\u017e\u00edv\u00e1te slu\u017eeb Camping 2000 nebo n\u00e1s jinak kontaktujete (nap\u0159. n\u00e1v\u0161t\u011bva webov\u00fdch str\u00e1nek nebo registrace newsletteru), zpracov\u00e1v\u00e1me v r\u00e1mci na\u0161ich slu\u017eeb \u2013 v z\u00e1vislosti na tom, jak je p\u0159esn\u011b pou\u017e\u00edv\u00e1te \u2013 n\u00e1sleduj\u00edc\u00ed \u00fadaje, kter\u00e9 jsou pova\u017eov\u00e1ny za osobn\u00ed \u00fadaje: (m\u016f\u017ee b\u00fdt vid\u011bn:<\/p>\n<p>Informace t\u00fdkaj\u00edc\u00ed se va\u0161eho za\u0159\u00edzen\u00ed, jako je IP adresa nebo jin\u00e9 \u010d\u00edslo;<br \/>\nchov\u00e1n\u00ed p\u0159i surfov\u00e1n\u00ed, ur\u010den\u00e9 na z\u00e1klad\u011b na\u0161ich vlastn\u00edch pozorov\u00e1n\u00ed nebo soubor\u016f cookie;<br \/>\nVe\u0159ejn\u00e1 data z\u00edskan\u00e1 z internetu a soci\u00e1ln\u00edch profil\u016f;<br \/>\nPokud od n\u00e1s obdr\u017e\u00edte e-maily, zaregistrujeme interakce (chov\u00e1n\u00ed p\u0159i otev\u00edr\u00e1n\u00ed a kliknut\u00ed);<br \/>\nZ\u00e1kladn\u00ed z\u00e1sadou je, \u017ee Camping 2000 nebude zpracov\u00e1vat v\u00edce osobn\u00edch \u00fadaj\u016f, ne\u017e je nezbytn\u00e9 pro \u00fa\u010dely popsan\u00e9 n\u00ed\u017ee.<\/p>\n<h4>Pr\u00e1vn\u00ed d\u016fvody zpracov\u00e1n\u00ed<\/h4>\n<p>Zpracov\u00e1n\u00ed osobn\u00edch \u00fadaj\u016f prob\u00edh\u00e1 na z\u00e1klad\u011b n\u00e1sleduj\u00edc\u00edch z\u00e1sad z \u010dl\u00e1nku 6 obecn\u00e9ho na\u0159\u00edzen\u00ed o ochran\u011b osobn\u00edch \u00fadaj\u016f: Nezbytn\u00e9 pro uzav\u0159en\u00ed smlouvy s V\u00e1mi<\/p>\n<h4>Z\u00e1konn\u00e1 povinnost<\/h4>\n<p>Legitimn\u00ed (marketingov\u00e9) z\u00e1jmy Camping 2000<br \/>\nSouhlas u\u017eivatele<\/p>\n<p>Mezi opr\u00e1vn\u011bn\u00e9 z\u00e1jmy pat\u0159\u00ed: marketing, reklama, p\u0159edch\u00e1zen\u00ed podvod\u016fm, v\u00fdzkum a anal\u00fdza vlastn\u00edch slu\u017eeb, pr\u00e1vn\u00ed z\u00e1le\u017eitosti.<br \/>\nV p\u0159\u00edpad\u011b opr\u00e1vn\u011bn\u00e9ho z\u00e1jmu zva\u017eujeme, zda je tento z\u00e1jem v\u011bt\u0161\u00ed ne\u017e v\u00e1\u0161 z\u00e1jem na ochran\u011b soukrom\u00ed.<br \/>\nPokud chcete vzn\u00e9st n\u00e1mitku proti zp\u016fsobu, jak\u00fdm nakl\u00e1d\u00e1me s osobn\u00edmi \u00fadaji, m\u016f\u017eete se obr\u00e1tit na: Tel: 0042-04851796211<\/p>\n<h4>Za jak\u00fdm \u00fa\u010delem a na jak\u00e9m z\u00e1klad\u011b osobn\u00ed \u00fadaje zpracov\u00e1v\u00e1me<\/h4>\n<p>Va\u0161e osobn\u00ed \u00fadaje pou\u017e\u00edv\u00e1me k poskytov\u00e1n\u00ed slu\u017eeb, kter\u00e9 po\u017eadujete.<\/p>\n<p>Va\u0161e osobn\u00ed \u00fadaje bude Camping 2000 zpracov\u00e1vat pro n\u00e1sleduj\u00edc\u00ed \u00fa\u010dely:<\/p>\n<p>Budov\u00e1n\u00ed a udr\u017eov\u00e1n\u00ed vztah\u016f se z\u00e1kazn\u00edky, v\u010detn\u011b udr\u017eov\u00e1n\u00ed p\u0159\u00edm\u00e9ho vztahu mezi odpov\u011bdnou stranou a (koopera\u010dn\u00edmi) partnery, a to i pro komer\u010dn\u00ed \u00fa\u010dely.<br \/>\nPro pln\u011bn\u00ed smlouvy (smluv) uzav\u0159en\u00e9 s v\u00e1mi jsou slu\u017eby poskytov\u00e1ny v\u010detn\u011b zpracov\u00e1n\u00ed na\u0161im finan\u010dn\u00edm spr\u00e1v\u00e1m.<br \/>\nPoskytov\u00e1n\u00ed z\u00e1kaznick\u00fdch slu\u017eeb, v\u010detn\u011b slu\u017eby souvisej\u00edc\u00ed s n\u00e1kupem slu\u017eeb a vy\u0159izov\u00e1n\u00edm po\u017eadavk\u016f nebo (podpora) dotaz\u016f.<br \/>\nV ur\u010dit\u00fdch p\u0159\u00edpadech udr\u017eov\u00e1n\u00ed komunikace s koopera\u010dn\u00edmi partnery pat\u0159\u00edc\u00edmi do na\u0161\u00ed s\u00edt\u011b (v\u010detn\u011b tv\u016frc\u016f webov\u00fdch str\u00e1nek a reklamn\u00edch agentur) za \u00fa\u010delem proaktivn\u00edho kontaktov\u00e1n\u00ed z\u00e1kazn\u00edk\u016f v souvislosti s dotazy ohledn\u011b slu\u017eby a zlep\u0161en\u00ed v\u00fdkonu slu\u017eby.<br \/>\nProv\u00e1d\u011bn\u00ed pr\u016fzkumu trhu s c\u00edlem zlep\u0161it na\u0161e podnik\u00e1n\u00ed a slu\u017eby.<br \/>\nUm\u011bt komunikovat prost\u0159ednictv\u00edm r\u016fzn\u00fdch kan\u00e1l\u016f (telefon, e-mail, soci\u00e1ln\u00ed s\u00edt\u011b, webov\u00e9 str\u00e1nky, po\u0161ta) jak z hlediska slu\u017eeb, tak z hlediska marketingu.<br \/>\nOslovit v\u00e1s se zm\u011bnami slu\u017eby nebo jin\u00fdmi (komer\u010dn\u00edmi) informacemi.<br \/>\nVylep\u0161en\u00ed obsahu na\u0161\u00ed komunikace p\u0159izp\u016fsoben\u00edm va\u0161im osobn\u00edm preferenc\u00edm<br \/>\n(Dal\u0161\u00ed) rozvoj a zlep\u0161ov\u00e1n\u00ed nov\u00fdch i st\u00e1vaj\u00edc\u00edch slu\u017eeb.<br \/>\nDodr\u017eov\u00e1n\u00ed z\u00e1konn\u00fdch povinnost\u00ed, \u0159e\u0161en\u00ed spor\u016f a vym\u00e1h\u00e1n\u00ed na\u0161ich pr\u00e1v a dohod.<br \/>\nAnal\u00fdza soubor\u016f cookie na na\u0161ich webov\u00fdch str\u00e1nk\u00e1ch. D\u011bl\u00e1me to proto, abychom obsah na\u0161\u00ed komunikace co nejv\u00edce p\u0159izp\u016fsobili va\u0161im osobn\u00edm preferenc\u00edm. D\u011bl\u00e1me to pouze s va\u0161\u00edm svolen\u00edm.<\/p>\n<h4>Jak dlouho osobn\u00ed \u00fadaje uchov\u00e1v\u00e1me<\/h4>\n<p>Camping 2000 neuchov\u00e1v\u00e1 va\u0161e osobn\u00ed \u00fadaje d\u00e9le, ne\u017e je nezbytn\u011b nutn\u00e9 k realizaci \u00fa\u010del\u016f, pro kter\u00e9 jsou va\u0161e \u00fadaje shroma\u017e\u010fov\u00e1ny.<br \/>\nPro n\u00e1sleduj\u00edc\u00ed kategorie osobn\u00edch \u00fadaj\u016f pou\u017e\u00edv\u00e1me n\u00e1sleduj\u00edc\u00ed doby uchov\u00e1v\u00e1n\u00ed:<\/p>\n<ul>\n<li>Kontaktn\u00ed formul\u00e1\u0159: max. 2 roky<\/li>\n<li>\u017d\u00e1dost e-mailem: max. 2 roky<\/li>\n<li>Jin\u00e9 formy: max. 2 roky<\/li>\n<li>P\u0159ihl\u00e1\u0161en\u00ed k odb\u011bru bulletinu: A\u017e do okam\u017eiku odhl\u00e1\u0161en\u00ed<\/li>\n<li>Podrobnosti o z\u00e1kazn\u00edkovi: Max 7 let<\/li>\n<\/ul>\n<h4>Sd\u00edlen\u00ed osobn\u00edch \u00fadaj\u016f s t\u0159et\u00edmi stranami<\/h4>\n<p>Camping 2000 neposkytuje va\u0161e osobn\u00ed \u00fadaje t\u0159et\u00edm stran\u00e1m, pokud to nen\u00ed nezbytn\u00e9 pro pln\u011bn\u00ed smlouvy a pro spln\u011bn\u00ed jak\u00e9koli z\u00e1konn\u00e9 povinnosti.<br \/>\nCamping 2000 tak\u00e9 vyu\u017e\u00edv\u00e1 slu\u017eby t\u0159et\u00edch stran, kter\u00e9 funguj\u00ed jako \u201ezpracovatel\u00e9\u201c (nap\u0159. poskytovatel\u00e9 hostingov\u00fdch slu\u017eeb).<br \/>\nTito poskytovatel\u00e9 slu\u017eeb budou zpracov\u00e1vat osobn\u00ed \u00fadaje pouze v souladu s Camping 2000.<\/p>\n<h4>Z\u00e1sady ochrany osobn\u00edch \u00fadaj\u016f Jin\u00e9 webov\u00e9 str\u00e1nky.<\/h4>\n<p>Camping 2000 nem\u016f\u017ee b\u00fdt odpov\u011bdn\u00fd za pou\u017eit\u00ed va\u0161ich dat t\u011bmito organizacemi.<br \/>\nDoporu\u010dujeme, abyste si p\u0159e\u010detli z\u00e1sady ochrany osobn\u00edch \u00fadaj\u016f p\u0159\u00edslu\u0161n\u00e9 webov\u00e9 str\u00e1nky.<\/p>\n<h4>Soubory cookie nebo podobn\u00e9 techniky, kter\u00e9 pou\u017e\u00edv\u00e1me<\/h4>\n<p>Cookie je mal\u00fd textov\u00fd soubor, kter\u00fd se ulo\u017e\u00ed do prohl\u00ed\u017ee\u010de va\u0161eho po\u010d\u00edta\u010de, tabletu nebo chytr\u00e9ho telefonu p\u0159i prvn\u00ed n\u00e1v\u0161t\u011bv\u011b t\u00e9to webov\u00e9 str\u00e1nky.<br \/>\nCamping 2000 pou\u017e\u00edv\u00e1 cookies s \u010dist\u011b technickou funkc\u00ed. Pou\u017e\u00edvaj\u00ed se ke zlep\u0161en\u00ed funk\u010dnosti webu, k usnadn\u011bn\u00ed pou\u017e\u00edv\u00e1n\u00ed webu a k m\u011b\u0159en\u00ed, zda n\u00e1v\u0161t\u011bvn\u00edci na na\u0161em webu snadno najdou po\u017eadovan\u00e9 informace.<br \/>\nKrom\u011b toho ukl\u00e1d\u00e1me soubory cookie, kter\u00e9 sleduj\u00ed va\u0161e chov\u00e1n\u00ed p\u0159i surfov\u00e1n\u00ed. Ji\u017e p\u0159i va\u0161\u00ed prvn\u00ed n\u00e1v\u0161t\u011bv\u011b na\u0161ich webov\u00fdch str\u00e1nek jsme v\u00e1s o t\u011bchto cookies informovali a po\u017e\u00e1dali jsme v\u00e1s o svolen\u00ed k jejich um\u00edst\u011bn\u00ed. Soubory cookie m\u016f\u017eete tak\u00e9 odhl\u00e1sit nastaven\u00edm sv\u00e9ho internetov\u00e9ho prohl\u00ed\u017ee\u010de tak, aby ji\u017e soubory cookie neukl\u00e1dal.<\/p>\n<h4>Zobrazen\u00ed, \u00faprava nebo odstran\u011bn\u00ed dat<\/h4>\n<p>M\u00e1te pr\u00e1vo zobrazit, opravit nebo vymazat sv\u00e9 osobn\u00ed \u00fadaje. Krom\u011b toho m\u00e1te pr\u00e1vo odvolat jak\u00fdkoli souhlas se zpracov\u00e1n\u00edm \u00fadaj\u016f nebo vzn\u00e9st n\u00e1mitku proti zpracov\u00e1n\u00ed va\u0161ich osobn\u00edch \u00fadaj\u016f spole\u010dnost\u00ed Camping 2000 a m\u00e1te pr\u00e1vo na p\u0159enositelnost \u00fadaj\u016f. To znamen\u00e1, \u017ee n\u00e1m m\u016f\u017eete podat \u017e\u00e1dost o zasl\u00e1n\u00ed osobn\u00edch \u00fadaj\u016f, kter\u00e9 o v\u00e1s m\u00e1me v po\u010d\u00edta\u010dov\u00e9m souboru, v\u00e1m nebo jin\u00e9 v\u00e1mi uveden\u00e9 organizaci. Svou \u017e\u00e1dost m\u016f\u017eete zaslat na:<\/p>\n<p>info@camping2000.com.<br \/>\nNa va\u0161i \u017e\u00e1dost odpov\u00edme co nejd\u0159\u00edve, nejpozd\u011bji v\u0161ak do \u010dty\u0159 t\u00fddn\u016f.<\/p>\n<p>Camping 2000 by tak\u00e9 r\u00e1d zd\u016fraznil, \u017ee m\u00e1te mo\u017enost podat st\u00ed\u017enost u n\u00e1rodn\u00edho dozorov\u00e9ho \u00fa\u0159adu, nizozemsk\u00e9ho \u00fa\u0159adu pro ochranu \u00fadaj\u016f.<br \/>\nM\u016f\u017eete to ud\u011blat pomoc\u00ed n\u00e1sleduj\u00edc\u00edho odkazu: https:\/\/autoriteitpersoonsgegevens.nl\/nl\/contact-met-de-autoriteit-persoonsgegevens\/tip-ons<\/p>\n<h4>Identifikace<\/h4>\n<p>P\u0159i odes\u00edl\u00e1n\u00ed \u017e\u00e1dosti v\u00e1s m\u016f\u017eeme po\u017e\u00e1dat o kopii va\u0161eho dokladu toto\u017enosti, abychom si mohli b\u00fdt jisti, \u017ee \u017e\u00e1dost byla pod\u00e1na v\u00e1mi, a \u017ee va\u0161e osobn\u00ed \u00fadaje neposkytneme nespr\u00e1vn\u00e9 stran\u011b nebo neprovedeme nevhodn\u00e9 zm\u011bny ve va\u0161em data.<\/p>\n<h4>Jak chr\u00e1n\u00edme osobn\u00ed \u00fadaje<\/h4>\n<p>Camping 2000 bere ochranu va\u0161ich dat v\u00e1\u017en\u011b a p\u0159ij\u00edm\u00e1 vhodn\u00e1 opat\u0159en\u00ed, aby zabr\u00e1nila zneu\u017eit\u00ed, ztr\u00e1t\u011b, neopr\u00e1vn\u011bn\u00e9mu p\u0159\u00edstupu, necht\u011bn\u00e9mu zve\u0159ejn\u011bn\u00ed a neopr\u00e1vn\u011bn\u00fdm zm\u011bn\u00e1m. K ochran\u011b va\u0161ich \u00fadaj\u016f jsme mimo jin\u00e9 p\u0159ijali n\u00e1sleduj\u00edc\u00ed opat\u0159en\u00ed:<\/p>\n<p>Hardware je vybaven aktu\u00e1ln\u00edm bezpe\u010dnostn\u00edm softwarem a nejnov\u011bj\u0161\u00edmi aktualizacemi<br \/>\nP\u0159\u00edstup k osobn\u00edm \u00fadaj\u016fm je \u0161ifrovan\u00fd.<br \/>\nPokud m\u00e1te pocit, \u017ee va\u0161e data nejsou \u0159\u00e1dn\u011b zabezpe\u010dena nebo existuj\u00ed n\u00e1znaky zneu\u017eit\u00ed, kontaktujte n\u00e1s pros\u00edm na tel.: 0042-0485179621<\/p>\n<p>Odpov\u011bdnost a odpov\u011bdnost<\/p>\n<p>Camping 2000 nep\u0159ij\u00edm\u00e1 \u017e\u00e1dnou odpov\u011bdnost za obsah z\u00edskan\u00fd z jin\u00fdch webov\u00fdch str\u00e1nek.<br \/>\nJste v\u00fdhradn\u011b odpov\u011bdn\u00ed za sv\u016fj v\u00fdb\u011br pou\u017eit\u00ed t\u011bchto webov\u00fdch str\u00e1nek.<\/p>\n<h4>Kontaktn\u00ed \u00fadaje<\/h4>\n<p>M\u00e1te-li dotazy a\/nebo koment\u00e1\u0159e t\u00fdkaj\u00edc\u00ed se tohoto prohl\u00e1\u0161en\u00ed o ochran\u011b osobn\u00edch \u00fadaj\u016f, kontaktujte:<\/p>\n<p>Camping 2000 Jan\u016fv D\u016fl S.R.O.<\/p>\n<p>Januv Dul 15<\/p>\n<p>Januv Dul<br \/>\n0042-0485179621<\/p>\n<p>Zm\u011bny z\u00e1sad ochrany osobn\u00edch \u00fadaj\u016f<\/p>\n<p>Zp\u016fsob, jak\u00fdm zpracov\u00e1v\u00e1me osobn\u00ed \u00fadaje, a slo\u017een\u00ed nebo mno\u017estv\u00ed \u00fadaj\u016f, kter\u00e9 zpracov\u00e1v\u00e1me, se mohou zm\u011bnit. Pokud si je chcete prohl\u00e9dnout, kontaktujte n\u00e1s. Aktu\u00e1ln\u00ed z\u00e1sady ochrany osobn\u00edch \u00fadaj\u016f byly aktualizov\u00e1ny dne 14.05.2019.<br \/>\nPr\u016fm\u011brn\u00e9 hodnocen\u00ed 8.2<br \/>\nCo \u0159\u00edkaj\u00ed ostatn\u00ed<\/p>\n","protected":false},"excerpt":{"rendered":"<p>Camping 2000 Jan\u016fv D\u016fl S.R.O., (KVK.\u010d.: 25038222, Jan\u016fv D\u016fl 15,  [&#8230;]<\/p>\n","protected":false},"author":2,"featured_media":0,"parent":0,"menu_order":9,"comment_status":"closed","ping_status":"closed","template":"","meta":{"_acf_changed":false,"footnotes":""},"class_list":["post-12197","page","type-page","status-publish","hentry"],"acf":[],"_links":{"self":[{"href":"https:\/\/camping2000.com\/cs\/wp-json\/wp\/v2\/pages\/12197","targetHints":{"allow":["GET"]}}],"collection":[{"href":"https:\/\/camping2000.com\/cs\/wp-json\/wp\/v2\/pages"}],"about":[{"href":"https:\/\/camping2000.com\/cs\/wp-json\/wp\/v2\/types\/page"}],"author":[{"embeddable":true,"href":"https:\/\/camping2000.com\/cs\/wp-json\/wp\/v2\/users\/2"}],"replies":[{"embeddable":true,"href":"https:\/\/camping2000.com\/cs\/wp-json\/wp\/v2\/comments?post=12197"}],"version-history":[{"count":0,"href":"https:\/\/camping2000.com\/cs\/wp-json\/wp\/v2\/pages\/12197\/revisions"}],"wp:attachment":[{"href":"https:\/\/camping2000.com\/cs\/wp-json\/wp\/v2\/media?parent=12197"}],"curies":[{"name":"wp","href":"https:\/\/api.w.org\/{rel}","templated":true}]}}