{"id":12882,"date":"2024-09-17T14:38:04","date_gmt":"2024-09-17T12:38:04","guid":{"rendered":"https:\/\/camping2000.com\/cenik\/"},"modified":"2025-09-19T09:48:44","modified_gmt":"2025-09-19T07:48:44","slug":"cenik","status":"publish","type":"page","link":"https:\/\/camping2000.com\/cs\/cenik\/","title":{"rendered":"Cen\u00edk"},"content":{"rendered":"<p><div class=\"fusion-fullwidth fullwidth-box fusion-builder-row-1 fusion-flex-container has-pattern-background has-mask-background nonhundred-percent-fullwidth non-hundred-percent-height-scrolling\" style=\"--awb-border-radius-top-left:0px;--awb-border-radius-top-right:0px;--awb-border-radius-bottom-right:0px;--awb-border-radius-bottom-left:0px;--awb-flex-wrap:wrap;\" ><div class=\"fusion-builder-row fusion-row fusion-flex-align-items-flex-start fusion-flex-content-wrap\" style=\"max-width:1248px;margin-left: calc(-4% \/ 2 );margin-right: calc(-4% \/ 2 );\"><div class=\"fusion-layout-column fusion_builder_column fusion-builder-column-0 fusion_builder_column_1_1 1_1 fusion-flex-column\" style=\"--awb-bg-size:cover;--awb-width-large:100%;--awb-margin-top-large:16px;--awb-spacing-right-large:1.92%;--awb-margin-bottom-large:16px;--awb-spacing-left-large:1.92%;--awb-width-medium:100%;--awb-order-medium:0;--awb-spacing-right-medium:1.92%;--awb-spacing-left-medium:1.92%;--awb-width-small:100%;--awb-order-small:0;--awb-spacing-right-small:1.92%;--awb-spacing-left-small:1.92%;\"><div class=\"fusion-column-wrapper fusion-column-has-shadow fusion-flex-justify-content-flex-start fusion-content-layout-column\"><div class=\"fusion-text fusion-text-1\"><p>Pro \u00fapln\u00fd p\u0159ehled r\u016fzn\u00fdch cen za r\u016fzn\u00e9 typy kemp\u016f a ubytov\u00e1n\u00ed se pros\u00edm seznamte s na\u0161\u00edm cen\u00edkem. Obsahuje cenovou politiku pro vybaven\u00e9 stany a pr\u00e1zdninov\u00e1 ubytovac\u00ed za\u0159\u00edzen\u00ed, v\u010detn\u011b n\u00e1klad\u016f na p\u0159enocov\u00e1n\u00ed. V cen\u00edku jsou uvedeny tak\u00e9 p\u0159\u00edpadn\u00e9 dal\u0161\u00ed n\u00e1klady, jako je elekt\u0159ina, dom\u00e1c\u00ed zv\u00ed\u0159ata a pobytov\u00e1 taxa.<\/p>\n<\/div><div class=\"fusion-title title fusion-title-1 fusion-sep-none fusion-title-text fusion-title-size-two\" style=\"--awb-margin-top-small:0px;--awb-margin-right-small:0px;--awb-margin-bottom-small:8px;--awb-margin-left-small:0px;\"><h2 class=\"fusion-title-heading title-heading-left fusion-responsive-typography-calculated\" style=\"margin:0;text-transform:none;--fontSize:48;line-height:1.18;\">Dal\u0161\u00ed n\u00e1klady<\/h2><\/div><\/div><\/div><div class=\"fusion-layout-column fusion_builder_column fusion-builder-column-1 fusion_builder_column_2_3 2_3 fusion-flex-column\" style=\"--awb-bg-size:cover;--awb-width-large:66.666666666667%;--awb-margin-top-large:16px;--awb-spacing-right-large:2.88%;--awb-margin-bottom-large:16px;--awb-spacing-left-large:2.88%;--awb-width-medium:66.666666666667%;--awb-order-medium:0;--awb-spacing-right-medium:2.88%;--awb-spacing-left-medium:2.88%;--awb-width-small:100%;--awb-order-small:0;--awb-spacing-right-small:1.92%;--awb-spacing-left-small:1.92%;\"><div class=\"fusion-column-wrapper fusion-column-has-shadow fusion-flex-justify-content-flex-start fusion-content-layout-column\"><div class=\"fusion-title title fusion-title-2 fusion-sep-none fusion-title-text fusion-title-size-three\" style=\"--awb-margin-top-small:0px;--awb-margin-right-small:0px;--awb-margin-bottom-small:8px;--awb-margin-left-small:0px;--awb-font-size:20px;\"><h3 class=\"fusion-title-heading title-heading-left fusion-responsive-typography-calculated\" style=\"margin:0;text-transform:none;font-size:1em;--fontSize:20;line-height:1.13;\">Z\u00e1loha<\/h3><\/div><div class=\"fusion-text fusion-text-2\"><p>Z\u00e1loha za ubytov\u00e1n\u00ed \u010din\u00ed 100 \u20ac a 200 \u20ac za luxusn\u00ed chaty. Tato \u010d\u00e1stka bude uhrazena po p\u0159\u00edjezdu do kempu a vr\u00e1cena t\u00fdden po odjezdu na v\u00e1mi uveden\u00fd bankovn\u00ed \u00fa\u010det.<\/p>\n<\/div><div class=\"fusion-title title fusion-title-3 fusion-sep-none fusion-title-text fusion-title-size-two\" style=\"--awb-margin-top-small:0px;--awb-margin-right-small:0px;--awb-margin-bottom-small:8px;--awb-margin-left-small:0px;--awb-font-size:20px;\"><h2 class=\"fusion-title-heading title-heading-left fusion-responsive-typography-calculated\" style=\"margin:0;text-transform:none;font-size:1em;--fontSize:20;line-height:1.18;\">Turistick\u00e1 da\u0148<\/h2><\/div><div class=\"fusion-text fusion-text-3\"><p>Ceny nezahrnuj\u00ed turistickou da\u0148 (17 korun za den) a ekologickou da\u0148 (5 korun za den), kter\u00e9 se plat\u00ed od 12 let (za ka\u017edou osobu).<\/p>\n<\/div><div class=\"fusion-title title fusion-title-4 fusion-sep-none fusion-title-text fusion-title-size-two\" style=\"--awb-margin-top-small:0px;--awb-margin-right-small:0px;--awb-margin-bottom-small:8px;--awb-margin-left-small:0px;--awb-font-size:20px;\"><h2 class=\"fusion-title-heading title-heading-left fusion-responsive-typography-calculated\" style=\"margin:0;text-transform:none;font-size:1em;--fontSize:20;line-height:1.18;\">Sprchy<\/h2><\/div><div class=\"fusion-text fusion-text-4\"><p>M\u016f\u017eete vyu\u017e\u00edt \u201eDruppel\u201c (sprchov\u00fd \u010dasova\u010d). Je zalo\u017een na \u010dipu, na kter\u00fd si m\u016f\u017eete nahr\u00e1t kredity. P\u0159ebyte\u010dn\u00fd kredit bude vr\u00e1cen po vr\u00e1cen\u00ed na recepci.<\/p>\n<\/div><\/div><\/div><div class=\"fusion-layout-column fusion_builder_column fusion-builder-column-2 fusion_builder_column_1_3 1_3 fusion-flex-column\" style=\"--awb-bg-size:cover;--awb-width-large:33.333333333333%;--awb-margin-top-large:16px;--awb-spacing-right-large:5.76%;--awb-margin-bottom-large:16px;--awb-spacing-left-large:5.76%;--awb-width-medium:33.333333333333%;--awb-order-medium:0;--awb-spacing-right-medium:5.76%;--awb-spacing-left-medium:5.76%;--awb-width-small:100%;--awb-order-small:0;--awb-spacing-right-small:1.92%;--awb-spacing-left-small:1.92%;\"><div class=\"fusion-column-wrapper fusion-column-has-shadow fusion-flex-justify-content-flex-start fusion-content-layout-column\"><div class=\"fusion-title title fusion-title-5 fusion-sep-none fusion-title-text fusion-title-size-two\" style=\"--awb-margin-top-small:0px;--awb-margin-right-small:0px;--awb-margin-bottom-small:8px;--awb-margin-left-small:0px;--awb-font-size:20px;\"><h2 class=\"fusion-title-heading title-heading-left fusion-responsive-typography-calculated\" style=\"margin:0;text-transform:none;font-size:1em;--fontSize:20;line-height:1.18;\">P\u0159\u00edplatek za pron\u00e1jem<\/h2><\/div><div class=\"fusion-text fusion-text-5\"><div class=\"elementor-element elementor-element-28333bf2 elementor-widget elementor-widget-text-editor\" data-id=\"28333bf2\" data-element_type=\"widget\" data-widget_type=\"text-editor.default\">\n<div class=\"elementor-widget-container\">\n<ul>\n<li><strong>D\u011btsk\u00e1 souprava:<\/strong> post\u00fdlka a vysok\u00e1 \u017eidle.<\/li>\n<li><strong>Kuchy\u0148sk\u00e9 pr\u00e1dlo:<\/strong> 2 kuchy\u0148sk\u00e9 ut\u011brky, 2 ru\u010dn\u00edky.<\/li>\n<li><strong>Balen\u00ed ru\u010dn\u00edk\u016f:<\/strong> 1 mal\u00fd a 1 velk\u00fd ru\u010dn\u00edk.<\/li>\n<li><strong>Chladni\u010dka:<\/strong>Chladni\u010dka bez mraz\u00e1ku, na denn\u00ed d\u00e1vku.<\/li>\n<li><strong>Ohni\u0161t\u011b:<\/strong> za den<\/li>\n<li><strong>Mimo\u0159\u00e1dn\u00fd stan:<\/strong>p\u0159iv\u00e9zt si vlastn\u00ed, na den<\/li>\n<li><strong>Mimo\u0159\u00e1dn\u00e9 GB na Wifi:<\/strong> 35 GB stoj\u00ed 17 eur, lze pou\u017e\u00edt na t\u00fdden, je t\u0159eba zakoupit v kempu.<\/li>\n<\/ul>\n<\/div>\n<\/div>\n<\/div><\/div><\/div><\/div><\/div><div class=\"fusion-fullwidth fullwidth-box fusion-builder-row-2 fusion-flex-container has-pattern-background has-mask-background nonhundred-percent-fullwidth non-hundred-percent-height-scrolling\" style=\"--awb-border-radius-top-left:0px;--awb-border-radius-top-right:0px;--awb-border-radius-bottom-right:0px;--awb-border-radius-bottom-left:0px;--awb-flex-wrap:wrap;\" ><div class=\"fusion-builder-row fusion-row fusion-flex-align-items-flex-start fusion-flex-content-wrap\" style=\"max-width:1248px;margin-left: calc(-4% \/ 2 );margin-right: calc(-4% \/ 2 );\"><div class=\"fusion-layout-column fusion_builder_column fusion-builder-column-3 fusion_builder_column_1_1 1_1 fusion-flex-column\" style=\"--awb-bg-size:cover;--awb-width-large:100%;--awb-margin-top-large:16px;--awb-spacing-right-large:1.92%;--awb-margin-bottom-large:16px;--awb-spacing-left-large:1.92%;--awb-width-medium:100%;--awb-order-medium:0;--awb-spacing-right-medium:1.92%;--awb-spacing-left-medium:1.92%;--awb-width-small:100%;--awb-order-small:0;--awb-spacing-right-small:1.92%;--awb-spacing-left-small:1.92%;\"><div class=\"fusion-column-wrapper fusion-column-has-shadow fusion-flex-justify-content-flex-start fusion-content-layout-column\"><div class=\"fusion-title title fusion-title-6 fusion-sep-none fusion-title-text fusion-title-size-two\" style=\"--awb-margin-top-small:0px;--awb-margin-right-small:0px;--awb-margin-bottom-small:8px;--awb-margin-left-small:0px;\"><h2 class=\"fusion-title-heading title-heading-left fusion-responsive-typography-calculated\" style=\"margin:0;text-transform:none;--fontSize:48;line-height:1.18;\">P\u0159ehled cen za ubytov\u00e1n\u00ed<\/h2><\/div><script src=\"https:\/\/www.tommybookingsupport.com\/widget\/js\/tommy.matrix.js\" type=\"application\/javascript\" language=\"javascript\"><\/script>\n<div class=\"tommy-matrix\"\n    data-api-key=\"Camping2000:4bc36f803d46036a145f58d10429b2623e78c25024a176a648cd7d79fd1b4591\"\n    data-language=\"en\"\n    data-skip-to-location=\"true\"\n    data-start-date=\"2026-04-01\"\n    data-sales-channel=\"1009\"\n    data-booking-url=\"https:\/\/camping2000.com\/cs\/vyhledavani-a-rezervace\/\"\n    data-duration-type=\"plain\"\n    data-durations=\"1,2,3,4,5,6,7,8,9,10,11,12,13,14,15,16,17,18,19,20,21,22,23,24,25, weekend, midweek\"\n    data-filters=\"month,persons,durations\"\n    data-calendar=\"true\"\n>\n<\/div><\/div><\/div><\/div><\/div><\/p>\n","protected":false},"excerpt":{"rendered":"","protected":false},"author":2,"featured_media":11465,"parent":0,"menu_order":6,"comment_status":"closed","ping_status":"closed","template":"100-width.php","meta":{"_acf_changed":false,"footnotes":""},"class_list":["post-12882","page","type-page","status-publish","has-post-thumbnail","hentry"],"acf":[],"_links":{"self":[{"href":"https:\/\/camping2000.com\/cs\/wp-json\/wp\/v2\/pages\/12882","targetHints":{"allow":["GET"]}}],"collection":[{"href":"https:\/\/camping2000.com\/cs\/wp-json\/wp\/v2\/pages"}],"about":[{"href":"https:\/\/camping2000.com\/cs\/wp-json\/wp\/v2\/types\/page"}],"author":[{"embeddable":true,"href":"https:\/\/camping2000.com\/cs\/wp-json\/wp\/v2\/users\/2"}],"replies":[{"embeddable":true,"href":"https:\/\/camping2000.com\/cs\/wp-json\/wp\/v2\/comments?post=12882"}],"version-history":[{"count":0,"href":"https:\/\/camping2000.com\/cs\/wp-json\/wp\/v2\/pages\/12882\/revisions"}],"wp:featuredmedia":[{"embeddable":true,"href":"https:\/\/camping2000.com\/cs\/wp-json\/wp\/v2\/media\/11465"}],"wp:attachment":[{"href":"https:\/\/camping2000.com\/cs\/wp-json\/wp\/v2\/media?parent=12882"}],"curies":[{"name":"wp","href":"https:\/\/api.w.org\/{rel}","templated":true}]}}