{"id":12193,"date":"2024-09-17T16:44:25","date_gmt":"2024-09-17T14:44:25","guid":{"rendered":"https:\/\/nieuw.camping2000.com\/?page_id=12193"},"modified":"2024-11-22T11:48:57","modified_gmt":"2024-11-22T10:48:57","slug":"allgemeine-geschaeftsbedingungen","status":"publish","type":"page","link":"https:\/\/camping2000.com\/de\/allgemeine-geschaeftsbedingungen\/","title":{"rendered":"Allgemeine Gesch\u00e4ftsbedingungen"},"content":{"rendered":"<p>&nbsp;<\/p>\n<h4>Reservierungen<\/h4>\n<p>Nach Ihrer Reservierung wird Camping 2000 Ihnen so schnell wie m\u00f6glich eine Best\u00e4tigung zusenden, die auch als Rechnung dient. Bei sp\u00e4terer Ankunft Ihres Stellplatzes oder Ihrer Unterkunft oder fr\u00fcherer Abreise als gebucht wird der nicht genutzte Stellplatz oder Ihre Unterkunft nicht zur\u00fcckerstattet. Die maximale Personenzahl pro Campingh\u00fctte oder Mobilheim betr\u00e4gt 8 Personen und 6 Personen f\u00fcr die Zelte.<\/p>\n<p>Ein Babyset kann nur garantiert werden, wenn es gleichzeitig mit der Buchung angefordert wird. Die Anzahl der Betten in einer Campingh\u00fctte oder einem Mobilheim ist auf 6 oder 8 Personen ausgerichtet. Haustiere sind nur erlaubt, wenn in der Reservierungsanfrage um Erlaubnis gebeten wurde und Camping 2000 die Erlaubnis erteilt, Ihr Haustier mitzubringen.<\/p>\n<p>Sie haften unmittelbar f\u00fcr alle Folgen wie Sch\u00e4den am Campingh\u00e4uschen oder Mobilheim und Bel\u00e4stigung anderer Urlauber. Im schlimmsten Fall werden Sie aufgefordert, den Campingplatz zu verlassen. Sie haben dann keinen Anspruch auf R\u00fcckerstattung.<\/p>\n<h4>Zahlung<\/h4>\n<p>Nach Erhalt der Reservierungsbest\u00e4tigung ist die H\u00e4lfte des Reisepreises innerhalb von 14 Tagen zu bezahlen.<\/p>\n<p>Der Rest des Reisepreises f\u00fcr den Stellplatz kann bei der Ankunft auf dem Campingplatz bezahlt werden. Der Rest des Reisepreises f\u00fcr die Unterkunft muss 4 Wochen vor Ankunft auf dem Campingplatz bezahlt werden. Wird die Anzahlung und\/oder der Rest der Reisesumme nicht innerhalb der gesetzten Frist bezahlt, beh\u00e4lt sich Camping 2000 das Recht vor, die Reservierung zu stornieren und der Antragsteller haftet f\u00fcr die Stornierungskosten (siehe Stornobedingungen).<\/p>\n<p>Bei Zahlungsverzug werden alle gerichtlichen und au\u00dfergerichtlichen Kosten einschlie\u00dflich der gesetzlichen Zinsen auf den ausstehenden Betrag ab dem Monat nach dem auf der Buchungsbest\u00e4tigung angegebenen Zahlungsdatum vom Antragsteller getragen.<\/p>\n<h4>Corona-Gutscheine 2020<\/h4>\n<p>Die Gutscheine, die Sie im Jahr 2020 erhalten haben, k\u00f6nnen Sie bis 2022 verwenden. Diese Gutscheine sind nicht umtauschbar, da im Sommer 2020 keine Reisebeschr\u00e4nkungen f\u00fcr Tschechien bestanden. Die Grenzen waren f\u00fcr Touristen ge\u00f6ffnet, ebenso alle Einrichtungen und Gastronomie. Wenn Sie nicht reisen m\u00f6chten, weil es sich unsicher anf\u00fchlt, haben Sie keinen Anspruch auf Entsch\u00e4digung. Angst ist kein \u201eg\u00fcltiger\u201c Grund, die Reise kostenlos zu stornieren. Wenn Sie selbst (schwer) krank und reiseunf\u00e4hig sind, k\u00f6nnen Sie sich an Ihre Reiser\u00fccktrittsversicherung wenden.<\/p>\n<h4>Corona Umbuchungsgarantie 2021<\/h4>\n<p>Buchen Sie Ihre Reise kostenlos um, wenn die tschechische Grenze geschlossen ist. Sie k\u00f6nnen die Reise auf Camping 2000 kostenlos umbuchen, wenn die tschechische Regierung am Abreisetag die Grenzen f\u00fcr Touristen schlie\u00dft. Sie k\u00f6nnen die Reise bis zum 31. Dezember 2021 auf den Sommer 2022 umbuchen. Dies gilt nur f\u00fcr Reisen, die \u00fcber unsere eigene Website gebucht wurden, nicht wenn Sie \u00fcber einen anderen Anbieter gebucht haben, es gelten eigene Bedingungen.<\/p>\n<h4>\u00c4nderungen an bereits best\u00e4tigten Reservierungen<\/h4>\n<p>Der Antragsteller kann bis 8 Wochen vor Anreise kostenfrei \u00c4nderungen der Reservierung vornehmen. Danach betragen die Wechselkosten 20,00 \u20ac. F\u00fcr \u00c4nderungen innerhalb von 10 Tagen nach dem Datum der Reservierungsbest\u00e4tigung<br \/>\nangewendet, werden keine Kosten verrechnet. F\u00fcr \u00c4nderungen, die eine Teilstornierung beinhalten, gelten die Stornobedingungen f\u00fcr diesen Teil.<\/p>\n<p>Wenn der reservierte Zeitraum w\u00e4hrend des Aufenthalts auf dem Campingplatz verl\u00e4ngert wird, m\u00fcssen Sie den zus\u00e4tzlichen Aufenthalt auf dem Campingplatz gem\u00e4\u00df den auf der Website angegebenen Preisen bezahlen.<\/p>\n<p>Auf Angebote k\u00f6nnen keine Anspr\u00fcche erhoben werden.<\/p>\n<h4>Stornierungsbedingungen<\/h4>\n<p>Reservierungen k\u00f6nnen nur schriftlich per E-Mail an info@camping2000.com storniert werden.<\/p>\n<ul>\n<li>Bei Stornierungen bis 12 Wochen vor Anreise werden 20% der Reisesumme verrechnet<br \/>\nmit einem Mindestbetrag von 100,00 \u20ac berechnet.<\/li>\n<li>Bei Stornierungen zwischen 12 und 8 Wochen vor Anreise werden 60 % der Reisesumme berechnet<br \/>\nmit einem Mindestbetrag von 100,00 \u20ac.<\/li>\n<li>Bei Stornierungen zwischen 8 und 4 Wochen vor Anreise werden 80% der Reisesumme zur\u00fcckerstattet<br \/>\nmit einem Mindestbetrag von 100,00 \u20ac berechnet.<\/li>\n<li>Bei Stornierungen zwischen 4 Wochen vor Anreise und dem Anreisetag selbst,<br \/>\nwird der volle Reisepreis berechnet.<\/li>\n<\/ul>\n<h4>Anzahlung<\/h4>\n<p>1. Die Kaution pro Buchung betr\u00e4gt \u20ac 100. Wird die Unterkunft bei der Abreise ordentlich, unbesch\u00e4digt und sauber (sofern keine Reinigungskosten bezahlt wurden) hinterlassen, wird die Kaution auf das von Ihnen angegebene Bankkonto zur\u00fcckerstattet.<\/p>\n<h4>Haftung<\/h4>\n<p>Camping 2000 kann keine Haftung f\u00fcr Verlust, Diebstahl, Besch\u00e4digung oder Verletzung \u00fcbernehmen, jedoch k\u00f6nnen diese Sch\u00e4den oder Verletzungen entstanden sein. Die Teilnahme an Aktivit\u00e4ten, die auf oder vom Campingplatz organisiert werden, erfolgt auf eigene Gefahr.<\/p>\n<p>Die Benutzer m\u00fcssen die von Camping 2000 aufgestellten Verhaltensregeln f\u00fcr die G\u00e4ste der Website respektieren.<\/p>\n<p>In der Vor- und Nachsaison kann Camping 2000 gezwungen sein, eine Reihe von Einrichtungen zu nutzen<br \/>\nG\u00e4sten nicht angeboten werden.<\/p>\n<p>Camping 2000 ist im Falle h\u00f6herer Gewalt nicht verpflichtet, dem Antragsteller den Reisepreis zu erstatten. Unter h\u00f6herer Gewalt sind in jedem Fall \u2013 ohne Anspruch auf Vollst\u00e4ndigkeit \u2013 zu verstehen:<\/p>\n<p>die Ausrufung des Ausnahmezustands in dem Gebiet, in dem sich der Campingplatz befindet, der Ausbruch ansteckender Krankheiten, die f\u00fcr Mensch und\/oder Tier gef\u00e4hrlich sein k\u00f6nnen (z.B. BSE, Schweinepest und Maul- und Klauenseuche sowie drohende \u00dcberschwemmungsgefahr).<\/p>\n<h4>Beschwerden<\/h4>\n<p>Wenn Sie eine berechtigte Beschwerde haben, w\u00fcrden wir uns freuen, wenn Sie uns so schnell wie m\u00f6glich per E-Mail an info@camping2000.com informieren, wir werden dann versuchen, eine akzeptable L\u00f6sung zu finden.<\/p>\n<p>Wir w\u00fcnschen Ihnen einen sch\u00f6nen Urlaub auf Camping 2000.<\/p>\n","protected":false},"excerpt":{"rendered":"<p>&nbsp; Reservierungen Nach Ihrer Reservierung wird Camping 2000 Ihnen so  [&#8230;]<\/p>\n","protected":false},"author":2,"featured_media":0,"parent":0,"menu_order":9,"comment_status":"closed","ping_status":"closed","template":"","meta":{"_acf_changed":false,"footnotes":""},"class_list":["post-12193","page","type-page","status-publish","hentry"],"acf":[],"_links":{"self":[{"href":"https:\/\/camping2000.com\/de\/wp-json\/wp\/v2\/pages\/12193","targetHints":{"allow":["GET"]}}],"collection":[{"href":"https:\/\/camping2000.com\/de\/wp-json\/wp\/v2\/pages"}],"about":[{"href":"https:\/\/camping2000.com\/de\/wp-json\/wp\/v2\/types\/page"}],"author":[{"embeddable":true,"href":"https:\/\/camping2000.com\/de\/wp-json\/wp\/v2\/users\/2"}],"replies":[{"embeddable":true,"href":"https:\/\/camping2000.com\/de\/wp-json\/wp\/v2\/comments?post=12193"}],"version-history":[{"count":0,"href":"https:\/\/camping2000.com\/de\/wp-json\/wp\/v2\/pages\/12193\/revisions"}],"wp:attachment":[{"href":"https:\/\/camping2000.com\/de\/wp-json\/wp\/v2\/media?parent=12193"}],"curies":[{"name":"wp","href":"https:\/\/api.w.org\/{rel}","templated":true}]}}