{"id":12195,"date":"2024-09-17T11:03:33","date_gmt":"2024-09-17T09:03:33","guid":{"rendered":"https:\/\/nieuw.camping2000.com\/?page_id=12195"},"modified":"2024-11-22T15:27:36","modified_gmt":"2024-11-22T14:27:36","slug":"datenschutz-bestimmungen","status":"publish","type":"page","link":"https:\/\/camping2000.com\/de\/datenschutz-bestimmungen\/","title":{"rendered":"Datenschutz-Bestimmungen"},"content":{"rendered":"<p>Camping 2000 Januv Dul S.R.O., (KVK.nr.: 25038222, Januv Dul 15, Januv Dul Tschechien), im Folgenden Camping 2000 genannt, ist f\u00fcr die Verarbeitung personenbezogener Daten gem\u00e4\u00df dieser Datenschutzerkl\u00e4rung verantwortlich. (im Folgenden: \u201ewir\u201c) legt gro\u00dfen Wert auf den Schutz personenbezogener Daten. Wir verarbeiten Ihre Daten daher mit gr\u00f6\u00dftm\u00f6glicher Sorgfalt.<\/p>\n<p>Mit dieser Datenschutzerkl\u00e4rung informieren wir Sie \u00fcber unseren Umgang mit personenbezogenen Daten.<\/p>\n<h4>Personenbezogene Daten werden verarbeitet<\/h4>\n<p>Wir verarbeiten personenbezogene Daten \u00fcber Sie, weil Sie uns im Rahmen eines Vertragsabschlusses selbst Daten zur Verf\u00fcgung gestellt haben, aber auch, wenn Sie unsere Dienste nutzen und uns dadurch Daten zur Verf\u00fcgung stellen oder es uns erm\u00f6glichen, Daten \u00fcber Ihre Interessen und Vorlieben zu erfassen.<\/p>\n<h4>An uns \u00fcbermittelte Informationen<\/h4>\n<p>Wenn Sie mit Camping 2000 einen Vertrag abschlie\u00dfen, ben\u00f6tigen wir von Ihnen die folgenden personenbezogenen Daten.<\/p>\n<p>Name und Anschrift (Namens- und Adressdaten);<br \/>\nKontaktdaten (wie (Mobil-)Telefonnummer und E-Mail-Adresse);<br \/>\nSex;<br \/>\nNummernschild;<br \/>\nFinanzdaten (Bankkontoinformationen)<\/p>\n<h4>Informationen \u00fcber Ihre Nutzung unserer Dienste<\/h4>\n<p>Wenn Sie die Leistungen von Camping 2000 in Anspruch nehmen oder anderweitig mit uns in Kontakt treten (z.B. Webseitenbesuch oder Newsletteranmeldung), verarbeiten wir im Rahmen unserer Leistungen \u2013 abh\u00e4ngig von Ihrer genauen Nutzung \u2013 folgende Daten, die als personenbezogene Daten gelten: (kann gesehen werden:<\/p>\n<p>Informationen zu Ihrem Ger\u00e4t, wie z. B. eine IP-Adresse oder eine andere Nummer;<br \/>\nSurfverhalten, ermittelt aufgrund eigener Beobachtungen oder Cookies;<br \/>\n\u00d6ffentliche Daten aus dem Internet und sozialen Profilen;<br \/>\nWenn Sie E-Mails von uns erhalten, registrieren wir die Interaktionen (\u00d6ffnungs- und Klickverhalten);<br \/>\nGrunds\u00e4tzlich gilt, dass Camping 2000 nicht mehr personenbezogene Daten verarbeitet, als f\u00fcr die nachfolgend beschriebenen Zwecke erforderlich sind.<\/p>\n<h4>Rechtsgrundlagen f\u00fcr die Verarbeitung<\/h4>\n<p>Die Verarbeitung personenbezogener Daten erfolgt auf Grundlage der folgenden Grunds\u00e4tze aus Artikel 6 der Datenschutzgrundverordnung: Erforderlich zur Durchf\u00fchrung eines Vertrages mit Ihnen<\/p>\n<h4>Rechtliche Verpflichtung<\/h4>\n<p>Berechtigte (Marketing-)Interessen von Camping 2000<br \/>\nBenutzereinwilligung<\/p>\n<p>Berechtigte Interessen umfassen: Marketing, Werbung, Betrugspr\u00e4vention, Recherche und Analyse eigener Dienste, Rechtsangelegenheiten.<br \/>\nBei berechtigtem Interesse pr\u00fcfen wir, ob dieses Interesse gr\u00f6\u00dfer ist als Ihr Datenschutzinteresse.<br \/>\nWenn Sie dem Umgang mit personenbezogenen Daten durch uns widersprechen m\u00f6chten, wenden Sie sich bitte an: Tel: 0042-0485179621<\/p>\n<h4>Zu welchem \u200b\u200bZweck und auf welcher Grundlage verarbeiten wir personenbezogene Datenpersoonsgegevens<\/h4>\n<p>Wir verwenden Ihre personenbezogenen Daten, um die von Ihnen angeforderten Dienstleistungen bereitzustellen.<\/p>\n<p>Ihre personenbezogenen Daten werden von Camping 2000 zu folgenden Zwecken verarbeitet:<\/p>\n<p>Aufbau und Pflege von Kundenbeziehungen, einschlie\u00dflich der Pflege einer direkten Beziehung zwischen dem Verantwortlichen und (Kooperations-)Partnern, auch zu kommerziellen Zwecken.<br \/>\nZur Durchf\u00fchrung der mit Ihnen geschlossenen Vereinbarung(en) werden die Dienstleistungen einschlie\u00dflich der Verarbeitung an unsere Finanzverwaltungen erbracht.<br \/>\nBereitstellung von Kundenservice, einschlie\u00dflich der Dienstleistung im Zusammenhang mit dem Kauf von Dienstleistungen und der Bearbeitung von Anfragen oder (Support-)Fragen.<br \/>\nIn bestimmten F\u00e4llen die Aufrechterhaltung der Kommunikation mit Kooperationspartnern unseres Netzwerks (u.a. Webbuilder und Werbeagenturen), um Kunden im Rahmen von Servicefragen proaktiv anzusprechen und die Leistungsf\u00e4higkeit des Dienstes zu verbessern.<br \/>\nDurchf\u00fchrung von Marktforschungen zur Verbesserung unseres Gesch\u00e4fts und unserer Dienstleistungen.<br \/>\nUm \u00fcber verschiedene Kan\u00e4le (Telefon, E-Mail, soziale Medien, Website, Post) sowohl aus Service- als auch aus Marketingsicht kommunizieren zu k\u00f6nnen.<br \/>\nSie mit \u00c4nderungen des Dienstes oder anderen (kommerziellen) Informationen ansprechen.<br \/>\nVerbesserung des Inhalts unserer Kommunikation durch Anpassung an Ihre pers\u00f6nlichen Vorlieben.<br \/>\nDie (Weiter-)Entwicklung und Verbesserung neuer und bestehender Dienste.<br \/>\nErf\u00fcllung gesetzlicher Verpflichtungen, Beilegung von Streitigkeiten und Durchsetzung unserer Rechte und Vereinbarungen.<br \/>\nAnalyse von Cookies auf unseren Websites. Wir tun dies, um den Inhalt unserer Kommunikation so genau wie m\u00f6glich auf Ihre pers\u00f6nlichen Vorlieben abzustimmen. Wir tun dies nur mit Ihrer Erlaubnis.<\/p>\n<h4>Wie lange wir personenbezogene Daten aufbewahren<\/h4>\n<p>Camping 2000 speichert Ihre personenbezogenen Daten nicht l\u00e4nger als unbedingt erforderlich, um die Zwecke zu erf\u00fcllen, f\u00fcr die Ihre Daten erhoben werden.<br \/>\nWir verwenden die folgenden Aufbewahrungsfristen f\u00fcr die folgenden Kategorien personenbezogener Daten:<\/p>\n<ul>\n<li>Kontakt Formular: max. zwei Jahre<\/li>\n<li>Anfrage per E-Mail: max. zwei Jahre<\/li>\n<li>Andere Formen: max. zwei Jahre<\/li>\n<li>Newsletter-Abonnement: Bis zum Moment der Abmeldung<\/li>\n<li>Kundendetails: Maximal 7 Jahre<\/li>\n<\/ul>\n<h4>Weitergabe personenbezogener Daten an Dritte<\/h4>\n<p>Camping 2000 gibt Ihre personenbezogenen Daten nicht an Dritte weiter, es sei denn, dies ist zur Vertragsabwicklung und zur Erf\u00fcllung gesetzlicher Verpflichtungen erforderlich.<br \/>\nCamping 2000 nutzt auch Dienste Dritter, die als \u201eAuftragsverarbeiter\u201c fungieren (z. B. Hosting-Dienstleister).<br \/>\nDiese Dienstleister verarbeiten personenbezogene Daten nur gem\u00e4\u00df Camping 2000.<\/p>\n<h4>Datenschutzrichtlinie Andere Websites<\/h4>\n<p>Camping 2000 kann nicht f\u00fcr die Verwendung Ihrer Daten durch diese Organisationen verantwortlich gemacht werden.<br \/>\nEs wird empfohlen, die Datenschutzerkl\u00e4rung der entsprechenden Website zu lesen.<\/p>\n<h4>Cookies oder \u00e4hnliche Techniken, die wir verwenden<\/h4>\n<p>Ein Cookie ist eine kleine Textdatei, die beim ersten Besuch dieser Website im Browser Ihres Computers, Tablets oder Smartphones gespeichert wird.<br \/>\nCamping 2000 verwendet Cookies mit rein technischer Funktionalit\u00e4t. Sie dienen dazu, die Funktion der Website zu verbessern, die Nutzung der Website zu erleichtern und zu messen, ob Besucher die gew\u00fcnschten Informationen auf unserer Website leicht finden k\u00f6nnen.<br \/>\nDar\u00fcber hinaus setzen wir Cookies, die Ihr Surfverhalten verfolgen. Bei Ihrem ersten Besuch auf unserer Website haben wir Sie bereits \u00fcber diese Cookies informiert und Sie um Ihre Erlaubnis gebeten, diese zu platzieren. Sie k\u00f6nnen Cookies auch ablehnen, indem Sie Ihren Internetbrowser so einstellen, dass er keine Cookies mehr speichert.<\/p>\n<h4>Daten anzeigen, \u00e4ndern oder l\u00f6schen<\/h4>\n<p>Sie haben das Recht, Ihre personenbezogenen Daten einzusehen, zu korrigieren oder zu l\u00f6schen. Dar\u00fcber hinaus haben Sie das Recht, jede Einwilligung zur Datenverarbeitung zu widerrufen oder der Verarbeitung Ihrer personenbezogenen Daten durch Camping 2000 zu widersprechen und Sie haben das Recht auf Daten\u00fcbertragbarkeit. Das bedeutet, dass Sie eine Anfrage an uns richten k\u00f6nnen, um die personenbezogenen Daten, die wir \u00fcber Sie in einer Computerdatei haben, an Sie oder eine andere von Ihnen genannte Organisation zu senden. Sie k\u00f6nnen Ihre Anfrage senden an:<\/p>\n<p>info@camping2000.com.<br \/>\nWir werden Ihre Anfrage so schnell wie m\u00f6glich, jedoch innerhalb von vier Wochen, beantworten.<\/p>\n<p>Wir werden Ihre Anfrage so schnell wie m\u00f6glich, jedoch innerhalb von vier Wochen, beantworten.<br \/>\nSie k\u00f6nnen dies \u00fcber den folgenden Link tun: https:\/\/autoriteitpersoonsgegevens.nl\/nl\/contact-met-de-autoriteit-persoonsgegevens\/tip-ons<\/p>\n<h4>Identifizierung<\/h4>\n<p>Beim Einreichen der Anfrage k\u00f6nnen wir Sie um eine Kopie Ihres Identit\u00e4tsnachweises bitten, damit wir sicher sein k\u00f6nnen, dass die Anfrage von Ihnen gestellt wurde und wir Ihre personenbezogenen Daten nicht an die falsche Partei weitergeben oder unangemessene \u00c4nderungen an Ihren vornehmen Daten.<\/p>\n<h4>Wie wir personenbezogene Daten sch\u00fctzen<\/h4>\n<p>Camping 2000 nimmt den Schutz Ihrer Daten ernst und ergreift geeignete Ma\u00dfnahmen, um Missbrauch, Verlust, unbefugten Zugriff, ungewollte Offenlegung und unbefugte \u00c4nderungen zu verhindern. Wir haben unter anderem folgende Ma\u00dfnahmen zum Schutz Ihrer Daten getroffen:<\/p>\n<p>Die Hardware ist mit aktueller Sicherheitssoftware und den neuesten Updates ausgestattet.<br \/>\nDer Zugriff auf personenbezogene Daten erfolgt verschl\u00fcsselt.<br \/>\nWenn Sie der Meinung sind, dass Ihre Daten nicht ausreichend gesichert sind oder Hinweise auf Missbrauch vorliegen, kontaktieren Sie uns bitte telefonisch: 0042-0485179621<\/p>\n<h4>Haftung und Verantwortung<\/h4>\n<p>Camping 2000 \u00fcbernimmt keine Haftung f\u00fcr die Inhalte anderer Websites.<br \/>\nSie sind allein verantwortlich f\u00fcr Ihre Wahl der Nutzung dieser Websites.<\/p>\n<h4>Kontaktdetails<\/h4>\n<p>Bei Fragen und\/oder Kommentaren zu dieser Datenschutzerkl\u00e4rung wenden Sie sich bitte an:<\/p>\n<p>Camping 2000 Januv Dul S.R.O.<\/p>\n<p>Januv Dul 15<\/p>\n<p>Januv Dul<br \/>\n0042-0485179621<\/p>\n<p>\u00c4nderungen der Datenschutzrichtlinie<\/p>\n<p>Die Art und Weise, wie wir personenbezogene Daten verarbeiten, sowie die Zusammensetzung oder Menge der von uns verarbeiteten Daten k\u00f6nnen sich \u00e4ndern. Wenn Sie diese einsehen m\u00f6chten, kontaktieren Sie uns bitte. Die aktuelle Datenschutzerkl\u00e4rung wurde am 14.05.2019 aktualisiert.<\/p>\n","protected":false},"excerpt":{"rendered":"<p>Camping 2000 Januv Dul S.R.O., (KVK.nr.: 25038222, Januv Dul 15,  [&#8230;]<\/p>\n","protected":false},"author":2,"featured_media":0,"parent":0,"menu_order":9,"comment_status":"closed","ping_status":"closed","template":"","meta":{"_acf_changed":false,"footnotes":""},"class_list":["post-12195","page","type-page","status-publish","hentry"],"acf":[],"_links":{"self":[{"href":"https:\/\/camping2000.com\/de\/wp-json\/wp\/v2\/pages\/12195","targetHints":{"allow":["GET"]}}],"collection":[{"href":"https:\/\/camping2000.com\/de\/wp-json\/wp\/v2\/pages"}],"about":[{"href":"https:\/\/camping2000.com\/de\/wp-json\/wp\/v2\/types\/page"}],"author":[{"embeddable":true,"href":"https:\/\/camping2000.com\/de\/wp-json\/wp\/v2\/users\/2"}],"replies":[{"embeddable":true,"href":"https:\/\/camping2000.com\/de\/wp-json\/wp\/v2\/comments?post=12195"}],"version-history":[{"count":0,"href":"https:\/\/camping2000.com\/de\/wp-json\/wp\/v2\/pages\/12195\/revisions"}],"wp:attachment":[{"href":"https:\/\/camping2000.com\/de\/wp-json\/wp\/v2\/media?parent=12195"}],"curies":[{"name":"wp","href":"https:\/\/api.w.org\/{rel}","templated":true}]}}