{"id":12258,"date":"2024-09-17T14:41:24","date_gmt":"2024-09-17T12:41:24","guid":{"rendered":"https:\/\/nieuw.camping2000.com\/?page_id=12258"},"modified":"2025-09-11T16:38:13","modified_gmt":"2025-09-11T14:38:13","slug":"suchen-buchen","status":"publish","type":"page","link":"https:\/\/camping2000.com\/de\/suchen-buchen\/","title":{"rendered":"Suchen &#038; Buchen"},"content":{"rendered":"<div class=\"fusion-fullwidth fullwidth-box fusion-builder-row-1 fusion-flex-container has-pattern-background has-mask-background nonhundred-percent-fullwidth non-hundred-percent-height-scrolling\" style=\"--awb-border-radius-top-left:0px;--awb-border-radius-top-right:0px;--awb-border-radius-bottom-right:0px;--awb-border-radius-bottom-left:0px;--awb-padding-top:24px;--awb-padding-bottom:24px;--awb-flex-wrap:wrap;\" ><div class=\"fusion-builder-row fusion-row fusion-flex-align-items-flex-start fusion-flex-justify-content-center fusion-flex-content-wrap\" style=\"max-width:1248px;margin-left: calc(-4% \/ 2 );margin-right: calc(-4% \/ 2 );\"><div class=\"fusion-layout-column fusion_builder_column fusion-builder-column-0 fusion_builder_column_1_2 1_2 fusion-flex-column\" style=\"--awb-bg-size:cover;--awb-width-large:50%;--awb-margin-top-large:16px;--awb-spacing-right-large:3.84%;--awb-margin-bottom-large:16px;--awb-spacing-left-large:3.84%;--awb-width-medium:50%;--awb-order-medium:0;--awb-spacing-right-medium:3.84%;--awb-spacing-left-medium:3.84%;--awb-width-small:100%;--awb-order-small:0;--awb-spacing-right-small:1.92%;--awb-spacing-left-small:1.92%;\"><div class=\"fusion-column-wrapper fusion-column-has-shadow fusion-flex-justify-content-flex-start fusion-content-layout-column\"><div class=\"fusion-title title fusion-title-1 fusion-sep-none fusion-title-center fusion-title-text fusion-title-size-one\" style=\"--awb-margin-bottom:40px;--awb-margin-top-small:0px;--awb-margin-right-small:0px;--awb-margin-bottom-small:8px;--awb-margin-left-small:0px;\"><h1 class=\"fusion-title-heading title-heading-center fusion-responsive-typography-calculated\" style=\"margin:0;text-transform:none;--fontSize:60;line-height:var(--awb-typography1-line-height);\">Suchen und Buchen auf <strong>Camping 2000<\/strong><\/h1><\/div><div class=\"fusion-text fusion-text-1\"><p>Unten k\u00f6nnen Sie sehen, welche Unterk\u00fcnfte f\u00fcr den von Ihnen gew\u00e4hlten Zeitraum und die gew\u00fcnschte Anzahl an Tagen verf\u00fcgbar sind. W\u00e4hlen Sie einen der Preise aus und klicken Sie auf \u201eBuchen\u201c, um Optionen hinzuzuf\u00fcgen oder einen bevorzugten Stellplatz auszuw\u00e4hlen.<\/p>\n<\/div><\/div><\/div><div class=\"fusion-layout-column fusion_builder_column fusion-builder-column-1 fusion_builder_column_1_1 1_1 fusion-flex-column\" style=\"--awb-bg-size:cover;--awb-width-large:100%;--awb-margin-top-large:16px;--awb-spacing-right-large:1.92%;--awb-margin-bottom-large:16px;--awb-spacing-left-large:1.92%;--awb-width-medium:100%;--awb-order-medium:0;--awb-spacing-right-medium:1.92%;--awb-spacing-left-medium:1.92%;--awb-width-small:100%;--awb-order-small:0;--awb-spacing-right-small:1.92%;--awb-spacing-left-small:1.92%;\"><div class=\"fusion-column-wrapper fusion-column-has-shadow fusion-flex-justify-content-flex-start fusion-content-layout-column\"><script src=\"https:\/\/api.tommybookingsupport.com\/widgets\/js\/widget.js?noConflict=true\" type=\"application\/javascript\" language=\"javascript\"><\/script>\n<div id=\"TommyBookingSupport\" \ndata-widget=\"boeken\" \ndata-apikey=\"4bc36f803d46036a145f58d10429b2623e78c25024a176a648cd7d79fd1b4591\" \ndata-account=\"Camping2000\" \ndata-language=\"de\" \ndata-country=\"de\" \ndata-locatie-keuze=\"false\" \ndata-locatie-keuze-voorkeursvraag=\"false\" \ndata-google-analytics=\"G-DDSM4WRWGT\" \ndata-verkoopkanaal=\"1009\" \ndata-algemene-voorwaarden='https:\/\/camping2000.com\/de\/allgemeine-geschaeftsbedingungen\/'\ndata-url-success='https:\/\/camping2000.com\/de\/suchen-buchen\/bestaetigung\/'\ndata-url-error='https:\/\/camping2000.com\/de\/suchen-buchen\/reservierungsfehler\/'\ndata-url-privacy='https:\/\/camping2000.com\/de\/datenschutz-bestimmungen\/'\ndata-accommodatie-fotos=\"true\" \ndata-scroll=\"false\" \ndata-article-groups=\"true\" \ndata-kalenderdatum=\"2026-04-01\" \ndata-ideal=\"true\" \ndata-actiecode=\"false\"\n<\/div><\/div><\/div><\/div><\/div>\n","protected":false},"excerpt":{"rendered":"","protected":false},"author":2,"featured_media":11210,"parent":0,"menu_order":6,"comment_status":"closed","ping_status":"closed","template":"100-width.php","meta":{"_acf_changed":false,"footnotes":""},"class_list":["post-12258","page","type-page","status-publish","has-post-thumbnail","hentry"],"acf":[],"_links":{"self":[{"href":"https:\/\/camping2000.com\/de\/wp-json\/wp\/v2\/pages\/12258","targetHints":{"allow":["GET"]}}],"collection":[{"href":"https:\/\/camping2000.com\/de\/wp-json\/wp\/v2\/pages"}],"about":[{"href":"https:\/\/camping2000.com\/de\/wp-json\/wp\/v2\/types\/page"}],"author":[{"embeddable":true,"href":"https:\/\/camping2000.com\/de\/wp-json\/wp\/v2\/users\/2"}],"replies":[{"embeddable":true,"href":"https:\/\/camping2000.com\/de\/wp-json\/wp\/v2\/comments?post=12258"}],"version-history":[{"count":0,"href":"https:\/\/camping2000.com\/de\/wp-json\/wp\/v2\/pages\/12258\/revisions"}],"wp:featuredmedia":[{"embeddable":true,"href":"https:\/\/camping2000.com\/de\/wp-json\/wp\/v2\/media\/11210"}],"wp:attachment":[{"href":"https:\/\/camping2000.com\/de\/wp-json\/wp\/v2\/media?parent=12258"}],"curies":[{"name":"wp","href":"https:\/\/api.w.org\/{rel}","templated":true}]}}