{"id":12885,"date":"2024-09-17T14:38:04","date_gmt":"2024-09-17T12:38:04","guid":{"rendered":"https:\/\/camping2000.com\/preisliste\/"},"modified":"2025-09-19T09:49:33","modified_gmt":"2025-09-19T07:49:33","slug":"preisliste","status":"publish","type":"page","link":"https:\/\/camping2000.com\/de\/preisliste\/","title":{"rendered":"Preisliste"},"content":{"rendered":"<p><div class=\"fusion-fullwidth fullwidth-box fusion-builder-row-1 fusion-flex-container has-pattern-background has-mask-background nonhundred-percent-fullwidth non-hundred-percent-height-scrolling\" style=\"--awb-border-radius-top-left:0px;--awb-border-radius-top-right:0px;--awb-border-radius-bottom-right:0px;--awb-border-radius-bottom-left:0px;--awb-flex-wrap:wrap;\" ><div class=\"fusion-builder-row fusion-row fusion-flex-align-items-flex-start fusion-flex-content-wrap\" style=\"max-width:1248px;margin-left: calc(-4% \/ 2 );margin-right: calc(-4% \/ 2 );\"><div class=\"fusion-layout-column fusion_builder_column fusion-builder-column-0 fusion_builder_column_1_1 1_1 fusion-flex-column\" style=\"--awb-bg-size:cover;--awb-width-large:100%;--awb-margin-top-large:16px;--awb-spacing-right-large:1.92%;--awb-margin-bottom-large:16px;--awb-spacing-left-large:1.92%;--awb-width-medium:100%;--awb-order-medium:0;--awb-spacing-right-medium:1.92%;--awb-spacing-left-medium:1.92%;--awb-width-small:100%;--awb-order-small:0;--awb-spacing-right-small:1.92%;--awb-spacing-left-small:1.92%;\"><div class=\"fusion-column-wrapper fusion-column-has-shadow fusion-flex-justify-content-flex-start fusion-content-layout-column\"><div class=\"fusion-text fusion-text-1\"><p>Die Preisliste bietet eine \u00dcbersicht \u00fcber die Tarife f\u00fcr die verschiedenen Stellpl\u00e4tze und Unterk\u00fcnfte. Die Preise f\u00fcr eingerichtete Zelte und Ferienh\u00e4user sind pro Nacht angegeben. Zudem sind hier auch die Preise f\u00fcr eventuelle zus\u00e4tzliche Geb\u00fchren aufgef\u00fchrt, wie Strom, Haustiere und Tourismusabgabe.<\/p>\n<\/div><div class=\"fusion-title title fusion-title-1 fusion-sep-none fusion-title-text fusion-title-size-two\" style=\"--awb-margin-top-small:0px;--awb-margin-right-small:0px;--awb-margin-bottom-small:8px;--awb-margin-left-small:0px;\"><h2 class=\"fusion-title-heading title-heading-left fusion-responsive-typography-calculated\" style=\"margin:0;text-transform:none;--fontSize:48;line-height:1.18;\">Nebenkosten<\/h2><\/div><\/div><\/div><div class=\"fusion-layout-column fusion_builder_column fusion-builder-column-1 fusion_builder_column_2_3 2_3 fusion-flex-column\" style=\"--awb-bg-size:cover;--awb-width-large:66.666666666667%;--awb-margin-top-large:16px;--awb-spacing-right-large:2.88%;--awb-margin-bottom-large:16px;--awb-spacing-left-large:2.88%;--awb-width-medium:66.666666666667%;--awb-order-medium:0;--awb-spacing-right-medium:2.88%;--awb-spacing-left-medium:2.88%;--awb-width-small:100%;--awb-order-small:0;--awb-spacing-right-small:1.92%;--awb-spacing-left-small:1.92%;\"><div class=\"fusion-column-wrapper fusion-column-has-shadow fusion-flex-justify-content-flex-start fusion-content-layout-column\"><div class=\"fusion-title title fusion-title-2 fusion-sep-none fusion-title-text fusion-title-size-three\" style=\"--awb-margin-top-small:0px;--awb-margin-right-small:0px;--awb-margin-bottom-small:8px;--awb-margin-left-small:0px;--awb-font-size:20px;\"><h3 class=\"fusion-title-heading title-heading-left fusion-responsive-typography-calculated\" style=\"margin:0;text-transform:none;font-size:1em;--fontSize:20;line-height:1.13;\">Kaution<\/h3><\/div><div class=\"fusion-text fusion-text-2\"><p>Die Kaution f\u00fcr die Unterk\u00fcnfte betr\u00e4gt 100 \u20ac bzw. 200 \u20ac f\u00fcr die Luxus-Ferienh\u00e4user. Die Kaution wird bei Ankunft auf dem Campingplatz bezahlt und eine Woche nach Abreise auf das von Ihnen angegebene Bankkonto zur\u00fcck\u00fcberwiesen.<\/p>\n<\/div><div class=\"fusion-title title fusion-title-3 fusion-sep-none fusion-title-text fusion-title-size-two\" style=\"--awb-margin-top-small:0px;--awb-margin-right-small:0px;--awb-margin-bottom-small:8px;--awb-margin-left-small:0px;--awb-font-size:20px;\"><h2 class=\"fusion-title-heading title-heading-left fusion-responsive-typography-calculated\" style=\"margin:0;text-transform:none;font-size:1em;--fontSize:20;line-height:1.18;\">Tourismusabgabe<\/h2><\/div><div class=\"fusion-text fusion-text-3\"><p>Die Preise sind exklusiv der Tourismusabgabe in H\u00f6he von 17 CZK pro Tag und exklusiv der Umweltabgabe in H\u00f6he von 5\u00a0CZK pro Tag pro Person (ab 12 Jahre).<\/p>\n<\/div><div class=\"fusion-title title fusion-title-4 fusion-sep-none fusion-title-text fusion-title-size-two\" style=\"--awb-margin-top-small:0px;--awb-margin-right-small:0px;--awb-margin-bottom-small:8px;--awb-margin-left-small:0px;--awb-font-size:20px;\"><h2 class=\"fusion-title-heading title-heading-left fusion-responsive-typography-calculated\" style=\"margin:0;text-transform:none;font-size:1em;--fontSize:20;line-height:1.18;\">Duschen<\/h2><\/div><div class=\"fusion-text fusion-text-4\"><p>Sie k\u00f6nnen einen Chip nutzen, den sogenannten \u201eDruppel\u201d, auf den Sie Guthaben aufladen k\u00f6nnen. Nicht verbrauchtes Guthaben erhalten Sie bei Abgabe des Chips an der Rezeption zur\u00fcck.<\/p>\n<\/div><\/div><\/div><div class=\"fusion-layout-column fusion_builder_column fusion-builder-column-2 fusion_builder_column_1_3 1_3 fusion-flex-column\" style=\"--awb-bg-size:cover;--awb-width-large:33.333333333333%;--awb-margin-top-large:16px;--awb-spacing-right-large:5.76%;--awb-margin-bottom-large:16px;--awb-spacing-left-large:5.76%;--awb-width-medium:33.333333333333%;--awb-order-medium:0;--awb-spacing-right-medium:5.76%;--awb-spacing-left-medium:5.76%;--awb-width-small:100%;--awb-order-small:0;--awb-spacing-right-small:1.92%;--awb-spacing-left-small:1.92%;\"><div class=\"fusion-column-wrapper fusion-column-has-shadow fusion-flex-justify-content-flex-start fusion-content-layout-column\"><div class=\"fusion-title title fusion-title-5 fusion-sep-none fusion-title-text fusion-title-size-two\" style=\"--awb-margin-top-small:0px;--awb-margin-right-small:0px;--awb-margin-bottom-small:8px;--awb-margin-left-small:0px;--awb-font-size:20px;\"><h2 class=\"fusion-title-heading title-heading-left fusion-responsive-typography-calculated\" style=\"margin:0;text-transform:none;font-size:1em;--fontSize:20;line-height:1.18;\">Buchung von Extras<\/h2><\/div><div class=\"fusion-text fusion-text-5\"><div class=\"elementor-element elementor-element-28333bf2 elementor-widget elementor-widget-text-editor\" data-id=\"28333bf2\" data-element_type=\"widget\" data-widget_type=\"text-editor.default\">\n<div class=\"elementor-widget-container\">\n<ul>\n<li><strong>Babypaket:<\/strong> Bett und Hochstuhl.<\/li>\n<li><strong>K\u00fcchentextilien:<\/strong> 2 K\u00fcchenhandt\u00fccher, 2 Geschirrt\u00fccher.<\/li>\n<li><strong>Handtuchpaket:<\/strong> 1 kleines und 1 gro\u00dfes Handtuch.<\/li>\n<li><strong>K\u00fchlschrank:<\/strong> K\u00fchlschrank ohne Tiefk\u00fchlfach, pro Tag.<\/li>\n<li><strong>Feuerkorb:<\/strong> pro Tag<\/li>\n<li><strong>Zus\u00e4tzliches Zelt:<\/strong> selbst mitzubringen, pro Tag<\/li>\n<li><strong>Extra WLAN:<\/strong> 35 GB f\u00fcr 17 Euro, eine Woche zu verwenden, kann auf dem Campingplatz dazugekauft werden.<\/li>\n<\/ul>\n<\/div>\n<\/div>\n<\/div><\/div><\/div><\/div><\/div><div class=\"fusion-fullwidth fullwidth-box fusion-builder-row-2 fusion-flex-container has-pattern-background has-mask-background nonhundred-percent-fullwidth non-hundred-percent-height-scrolling\" style=\"--awb-border-radius-top-left:0px;--awb-border-radius-top-right:0px;--awb-border-radius-bottom-right:0px;--awb-border-radius-bottom-left:0px;--awb-flex-wrap:wrap;\" ><div class=\"fusion-builder-row fusion-row fusion-flex-align-items-flex-start fusion-flex-content-wrap\" style=\"max-width:1248px;margin-left: calc(-4% \/ 2 );margin-right: calc(-4% \/ 2 );\"><div class=\"fusion-layout-column fusion_builder_column fusion-builder-column-3 fusion_builder_column_1_1 1_1 fusion-flex-column\" style=\"--awb-bg-size:cover;--awb-width-large:100%;--awb-margin-top-large:16px;--awb-spacing-right-large:1.92%;--awb-margin-bottom-large:16px;--awb-spacing-left-large:1.92%;--awb-width-medium:100%;--awb-order-medium:0;--awb-spacing-right-medium:1.92%;--awb-spacing-left-medium:1.92%;--awb-width-small:100%;--awb-order-small:0;--awb-spacing-right-small:1.92%;--awb-spacing-left-small:1.92%;\"><div class=\"fusion-column-wrapper fusion-column-has-shadow fusion-flex-justify-content-flex-start fusion-content-layout-column\"><div class=\"fusion-title title fusion-title-6 fusion-sep-none fusion-title-text fusion-title-size-two\" style=\"--awb-margin-top-small:0px;--awb-margin-right-small:0px;--awb-margin-bottom-small:8px;--awb-margin-left-small:0px;\"><h2 class=\"fusion-title-heading title-heading-left fusion-responsive-typography-calculated\" style=\"margin:0;text-transform:none;--fontSize:48;line-height:1.18;\">Preis\u00fcbersicht Unterk\u00fcnfte<\/h2><\/div><script src=\"https:\/\/www.tommybookingsupport.com\/widget\/js\/tommy.matrix.js\" type=\"application\/javascript\" language=\"javascript\"><\/script>\n<div class=\"tommy-matrix\"\n    data-api-key=\"Camping2000:4bc36f803d46036a145f58d10429b2623e78c25024a176a648cd7d79fd1b4591\"\n    data-language=\"de\"\n    data-skip-to-location=\"true\"\n    data-start-date=\"2026-04-01\"\n    data-sales-channel=\"1009\"\n    data-booking-url=\"https:\/\/camping2000.com\/de\/suchen-buchen\/\"\n    data-duration-type=\"plain\"\n    data-durations=\"1,2,3,4,5,6,7,8,9,10,11,12,13,14,15,16,17,18,19,20,21,22,23,24,25, weekend, midweek\"\n    data-filters=\"month,persons,durations\"\n    data-calendar=\"true\"\n>\n<\/div><\/div><\/div><\/div><\/div><\/p>\n","protected":false},"excerpt":{"rendered":"","protected":false},"author":2,"featured_media":11467,"parent":0,"menu_order":6,"comment_status":"closed","ping_status":"closed","template":"100-width.php","meta":{"_acf_changed":false,"footnotes":""},"class_list":["post-12885","page","type-page","status-publish","has-post-thumbnail","hentry"],"acf":[],"_links":{"self":[{"href":"https:\/\/camping2000.com\/de\/wp-json\/wp\/v2\/pages\/12885","targetHints":{"allow":["GET"]}}],"collection":[{"href":"https:\/\/camping2000.com\/de\/wp-json\/wp\/v2\/pages"}],"about":[{"href":"https:\/\/camping2000.com\/de\/wp-json\/wp\/v2\/types\/page"}],"author":[{"embeddable":true,"href":"https:\/\/camping2000.com\/de\/wp-json\/wp\/v2\/users\/2"}],"replies":[{"embeddable":true,"href":"https:\/\/camping2000.com\/de\/wp-json\/wp\/v2\/comments?post=12885"}],"version-history":[{"count":0,"href":"https:\/\/camping2000.com\/de\/wp-json\/wp\/v2\/pages\/12885\/revisions"}],"wp:featuredmedia":[{"embeddable":true,"href":"https:\/\/camping2000.com\/de\/wp-json\/wp\/v2\/media\/11467"}],"wp:attachment":[{"href":"https:\/\/camping2000.com\/de\/wp-json\/wp\/v2\/media?parent=12885"}],"curies":[{"name":"wp","href":"https:\/\/api.w.org\/{rel}","templated":true}]}}