{"id":12188,"date":"2024-09-17T16:44:25","date_gmt":"2024-09-17T14:44:25","guid":{"rendered":"https:\/\/nieuw.camping2000.com\/?page_id=12188"},"modified":"2024-11-22T11:49:04","modified_gmt":"2024-11-22T10:49:04","slug":"zasady-i-warunki","status":"publish","type":"page","link":"https:\/\/camping2000.com\/pl\/zasady-i-warunki\/","title":{"rendered":"Zasady i warunki"},"content":{"rendered":"<h4>Rezerwacje<\/h4>\n<p>Po dokonaniu rezerwacji Camping 2000 jak najszybciej prze\u015ble potwierdzenie, kt\u00f3re s\u0142u\u017cy r\u00f3wnie\u017c jako faktura. W przypadku p\u00f3\u017aniejszego przyjazdu na stanowisko kempingowe lub zakwaterowanie lub wcze\u015bniejszego wyjazdu ni\u017c zarezerwowany, nie zostanie zwr\u00f3cony zwrot koszt\u00f3w za niewykorzystane stanowisko kempingowe lub zakwaterowanie. Maksymalna liczba os\u00f3b na domek kempingowy lub przyczep\u0119 stacjonarn\u0105 to 8 os\u00f3b i 6 os\u00f3b w namiotach.<\/p>\n<p>Zestaw dla niemowl\u0105t jest gwarantowany tylko na \u017cyczenie w momencie dokonywania rezerwacji. Liczba \u0142\u00f3\u017cek w domku kempingowym lub przyczepie kempingowej jest dostosowana do 6 lub 8 os\u00f3b. Zwierz\u0119ta s\u0105 akceptowane tylko wtedy, gdy poproszono o pozwolenie w rezerwacji, a Camping 2000 zezwoli na zabranie ze sob\u0105 zwierz\u0119cia.<\/p>\n<p>Ponosisz bezpo\u015bredni\u0105 odpowiedzialno\u015b\u0107 za wszelkie konsekwencje, takie jak uszkodzenie domku kempingowego lub przyczepy stacjonarnej oraz niedogodno\u015bci dla innych wczasowicz\u00f3w. W najgorszym przypadku zostaniesz poproszony o opuszczenie kempingu. Nie masz wtedy prawa do zwrotu pieni\u0119dzy.<\/p>\n<h4>Zap\u0142ata<\/h4>\n<p>Po otrzymaniu potwierdzenia rezerwacji po\u0142ow\u0119 kwoty podr\u00f3\u017cy nale\u017cy wp\u0142aci\u0107 w ci\u0105gu 14 dni.<\/p>\n<p>Pozosta\u0142\u0105 cz\u0119\u015b\u0107 kwoty koszt\u00f3w podr\u00f3\u017cy za stanowisko kempingowe mo\u017cna ui\u015bci\u0107 po przybyciu na pole namiotowe. Pozosta\u0142\u0105 cz\u0119\u015b\u0107 sumy koszt\u00f3w zakwaterowania nale\u017cy wp\u0142aci\u0107 4 tygodnie przed przyjazdem na kemping. Je\u015bli kaucja i\/lub pozosta\u0142a cz\u0119\u015b\u0107 kwoty podr\u00f3\u017cy nie zostanie wp\u0142acona w wyznaczonym terminie, Camping 2000 zastrzega sobie prawo do anulowania rezerwacji, a wnioskodawca ponosi koszty anulowania (patrz warunki anulowania).<\/p>\n<p>W przypadku op\u00f3\u017anienia w p\u0142atno\u015bci wszystkie koszty, zar\u00f3wno s\u0105dowe, jak i pozas\u0105dowe, poniesie wnioskodawca, w tym ustawowe odsetki od zaleg\u0142ej kwoty od miesi\u0105ca nast\u0119puj\u0105cego po dacie p\u0142atno\u015bci, zgodnie z potwierdzeniem rezerwacji.<\/p>\n<h4>Kupony koronowe 2020<\/h4>\n<p>Mo\u017cesz wykorzysta\u0107 bony, kt\u00f3re otrzyma\u0142e\u015b w 2020 roku do 2022 roku. Bony te nie s\u0105 wymienialne na pieni\u0105dze, poniewa\u017c latem 2020 nie by\u0142o \u017cadnych ogranicze\u0144 w podr\u00f3\u017cowaniu do Czech. Granice by\u0142y otwarte dla turyst\u00f3w, podobnie jak wszystkie udogodnienia i catering. Je\u015bli nie chcesz podr\u00f3\u017cowa\u0107, poniewa\u017c czujesz si\u0119 niebezpiecznie, nie przys\u0142uguje Ci odszkodowanie. Strach nie jest \u201ewa\u017cnym\u201d powodem do bezp\u0142atnego odwo\u0142ania podr\u00f3\u017cy. Je\u015bli sam jeste\u015b (powa\u017cnie) chory i nie mo\u017cesz podr\u00f3\u017cowa\u0107, mo\u017cesz skontaktowa\u0107 si\u0119 z ubezpieczeniem od rezygnacji.<\/p>\n<h4>Gwarancja zmiany rezerwacji w koronie 2021<\/h4>\n<p>Bezp\u0142atna zmiana rezerwacji podr\u00f3\u017cy, gdy granica z Czechami jest zamkni\u0119ta. Mo\u017cesz bezp\u0142atnie zmieni\u0107 rezerwacj\u0119 wycieczki na Camping 2000, je\u015bli rz\u0105d czeski zamknie granice dla turyst\u00f3w w dniu wyjazdu. Mo\u017cesz zmieni\u0107 rezerwacj\u0119 podr\u00f3\u017cy do 31 grudnia 2021 na lato 2022. Dotyczy to tylko wakacji zarezerwowanych na naszej w\u0142asnej stronie internetowej, a nie je\u015bli zarezerwowa\u0142e\u015b przez innego dostawc\u0119, maj\u0105 w\u0142asne warunki.<\/p>\n<h4>Zmiany w ju\u017c potwierdzonych rezerwacjach<\/h4>\n<p>Wnioskodawca mo\u017ce bezp\u0142atnie dokona\u0107 zmian w rezerwacji do 8 tygodni przed przyjazdem. Nast\u0119pnie koszty zmiany wynosz\u0105 20,00 \u20ac. W przypadku zmian dokonanych w ci\u0105gu 10 dni od daty potwierdzenia rezerwacji<br \/>\nzastosowane, \u017cadne koszty nie zostan\u0105 naliczone. Zmiany obejmuj\u0105ce cz\u0119\u015bciowe anulowanie podlegaj\u0105 warunkom anulowania dla tej cz\u0119\u015bci.<\/p>\n<p>W przypadku przed\u0142u\u017cenia zarezerwowanego okresu w trakcie pobytu na polu namiotowym, za dodatkowy pobyt na polu namiotowym b\u0119dziecie Pa\u0144stwo musieli zap\u0142aci\u0107 zgodnie z cenami wskazanymi na stronie internetowej.<\/p>\n<p>\u017badnych reklamacji nie mo\u017cna zg\u0142asza\u0107.<\/p>\n<h4>Zasady anulowania<\/h4>\n<p>Rezerwacje mo\u017cna anulowa\u0107 tylko pisemnie, wysy\u0142aj\u0105c e-mail na adres info@camping2000.com.<\/p>\n<p>W przypadku anulowania rezerwacji do 12 tygodni przed przyjazdem, zostanie obci\u0105\u017cone 20% sumy podr\u00f3\u017cy<br \/>\nop\u0142ata w wysoko\u015bci co najmniej 100,00 \u20ac.<\/p>\n<p>W przypadku rezygnacji mi\u0119dzy 12 a 8 tygodni przed przyjazdem, 60% kwoty podr\u00f3\u017cy zostanie zwr\u00f3cone<br \/>\nop\u0142ata, z minimum 100,00 \u20ac.<\/p>\n<p>W przypadku anulowania rezerwacji mi\u0119dzy 8 a 4 tygodniami przed przyjazdem, zostanie obci\u0105\u017cone 80% sumy podr\u00f3\u017cy<br \/>\nop\u0142ata w wysoko\u015bci co najmniej 100,00 \u20ac.<\/p>\n<p>W przypadku rezygnacji na 4 tygodnie przed przyjazdem do samego dnia przyjazdu,<br \/>\nzostanie naliczona pe\u0142na suma podr\u00f3\u017cy.<\/p>\n<h4>Depozyt<\/h4>\n<p>1. Kaucja za rezerwacj\u0119 wynosi 100 \u20ac. W przypadku pozostawienia w dniu wyjazdu posprz\u0105tanego, nieuszkodzonego i czystego lokalu (o ile nie zosta\u0142y wp\u0142acone koszty sprz\u0105tania), kaucja zostanie zwr\u00f3cona na wskazane przez Pa\u0144stwa konto bankowe.<\/p>\n<h4>Obci\u0105\u017cenie<\/h4>\n<p>Camping 2000 nie ponosi \u017cadnej odpowiedzialno\u015bci za utrat\u0119, kradzie\u017c, uszkodzenie lub obra\u017cenia cia\u0142a, jednak takie szkody lub obra\u017cenia mog\u0142y powsta\u0107. Udzia\u0142 w zaj\u0119ciach organizowanych na lub przez kemping odbywa si\u0119 wy\u0142\u0105cznie na w\u0142asne ryzyko.<\/p>\n<p>U\u017cytkownicy zobowi\u0105zani s\u0105 do przestrzegania zasad post\u0119powania ustalonych przez Camping 2000 dla go\u015bci obecnych na jego terenie.<\/p>\n<p>We wczesnym i p\u00f3\u017anym sezonie Camping 2000 mo\u017ce by\u0107 zmuszony do korzystania z szeregu udogodnie\u0144<br \/>\nnie do zaoferowania go\u015bciom.<\/p>\n<p>Camping 2000 nie jest zobowi\u0105zany do zwrotu wnioskodawcy kwoty podr\u00f3\u017cy w przypadku dzia\u0142ania si\u0142y wy\u017cszej. Si\u0142a wy\u017csza powinna w ka\u017cdym przypadku by\u0107 rozumiana jako \u2013 bez wyczerpuj\u0105cego -:<\/p>\n<p>og\u0142oszenie stanu wyj\u0105tkowego na obszarze, na kt\u00f3rym znajduje si\u0119 kemping, wybuchu chor\u00f3b zaka\u017anych, kt\u00f3re mog\u0105 by\u0107 niebezpieczne dla ludzi i\/lub zwierz\u0105t (np. BSE, pom\u00f3r \u015bwi\u0144 i pryszczycy oraz nieuchronne ryzyko powodzi .<\/p>\n<h4>Uskar\u017canie si\u0119<\/h4>\n<p>Je\u015bli masz uzasadnion\u0105 skarg\u0119, b\u0119dziemy wdzi\u0119czni, je\u015bli poinformujesz nas o tym tak szybko, jak to mo\u017cliwe, wysy\u0142aj\u0105c wiadomo\u015b\u0107 e-mail na adres info@camping2000.com, a nast\u0119pnie spr\u00f3bujemy znale\u017a\u0107 akceptowalne rozwi\u0105zanie.<\/p>\n<p>\u017byczymy mi\u0142ego wypoczynku na Campingu 2000.<\/p>\n","protected":false},"excerpt":{"rendered":"<p>Rezerwacje Po dokonaniu rezerwacji Camping 2000 jak najszybciej prze\u015ble potwierdzenie,  [&#8230;]<\/p>\n","protected":false},"author":2,"featured_media":0,"parent":0,"menu_order":9,"comment_status":"closed","ping_status":"closed","template":"","meta":{"_acf_changed":false,"footnotes":""},"class_list":["post-12188","page","type-page","status-publish","hentry"],"acf":[],"_links":{"self":[{"href":"https:\/\/camping2000.com\/pl\/wp-json\/wp\/v2\/pages\/12188","targetHints":{"allow":["GET"]}}],"collection":[{"href":"https:\/\/camping2000.com\/pl\/wp-json\/wp\/v2\/pages"}],"about":[{"href":"https:\/\/camping2000.com\/pl\/wp-json\/wp\/v2\/types\/page"}],"author":[{"embeddable":true,"href":"https:\/\/camping2000.com\/pl\/wp-json\/wp\/v2\/users\/2"}],"replies":[{"embeddable":true,"href":"https:\/\/camping2000.com\/pl\/wp-json\/wp\/v2\/comments?post=12188"}],"version-history":[{"count":0,"href":"https:\/\/camping2000.com\/pl\/wp-json\/wp\/v2\/pages\/12188\/revisions"}],"wp:attachment":[{"href":"https:\/\/camping2000.com\/pl\/wp-json\/wp\/v2\/media?parent=12188"}],"curies":[{"name":"wp","href":"https:\/\/api.w.org\/{rel}","templated":true}]}}