{"id":12202,"date":"2024-09-17T11:03:33","date_gmt":"2024-09-17T09:03:33","guid":{"rendered":"https:\/\/nieuw.camping2000.com\/?page_id=12202"},"modified":"2024-11-22T15:27:53","modified_gmt":"2024-11-22T14:27:53","slug":"polityka-prywatnosci","status":"publish","type":"page","link":"https:\/\/camping2000.com\/pl\/polityka-prywatnosci\/","title":{"rendered":"Polityka prywatno\u015bci"},"content":{"rendered":"<p>Camping 2000 Januv Dul SRO, (KVK.nr.: 25038222, Januv Dul 15, Januv Dul Czech Republic), zwany dalej Camping 2000, jest odpowiedzialny za przetwarzanie danych osobowych zgodnie z niniejszym o\u015bwiadczeniem o ochronie prywatno\u015bci. (dalej: \u201emy\u201d) uwa\u017ca, \u017ce ochrona danych osobowych ma ogromne znaczenie. Dlatego przetwarzamy Twoje dane z najwi\u0119ksz\u0105 mo\u017cliw\u0105 staranno\u015bci\u0105.<\/p>\n<p>W niniejszym o\u015bwiadczeniu o ochronie prywatno\u015bci informujemy o tym, jak post\u0119pujemy z danymi osobowymi.<\/p>\n<h4>Przetwarzane dane osobowe<\/h4>\n<p>Przetwarzamy Twoje dane osobowe, poniewa\u017c sam przekaza\u0142e\u015b nam dane przy zawieraniu z nami umowy, ale tak\u017ce podczas korzystania z naszych us\u0142ug i tym samym przekazujesz nam dane lub umo\u017cliwiasz nam rejestrowanie danych o Twoich zainteresowaniach i preferencjach.<\/p>\n<h4>Przekazywane nam informacje<\/h4>\n<p>Je\u015bli zawierasz umow\u0119 z Camping 2000, potrzebujemy od Ciebie nast\u0119puj\u0105cych danych osobowych.<\/p>\n<ul>\n<li>imi\u0119 i nazwisko oraz adres (nazwa i dane adresowe);<\/li>\n<li>dane kontaktowe (takie jak numer telefonu (kom\u00f3rkowego) i adres e-mail);<\/li>\n<li>seks;<\/li>\n<li>Tablica rejestracyjna;<\/li>\n<li>dane finansowe (informacje o koncie bankowym)<\/li>\n<\/ul>\n<h4>Informacje o korzystaniu z naszych us\u0142ug<\/h4>\n<p>Je\u015bli korzystasz z us\u0142ug Camping 2000 lub w inny spos\u00f3b kontaktujesz si\u0119 z nami (np. wizyta na stronie internetowej lub rejestracja do newslettera), przetwarzamy nast\u0119puj\u0105ce dane w kontek\u015bcie naszych us\u0142ug \u2013 w zale\u017cno\u015bci od tego, w jaki spos\u00f3b z nich korzystasz \u2013 kt\u00f3re s\u0105 uwa\u017cane za dane osobowe: (mo\u017ce by\u0107 widziane:<\/p>\n<p>Informacje dotycz\u0105ce Twojego sprz\u0119tu, takie jak adres IP lub inny numer;<br \/>\nzachowania podczas surfowania, okre\u015blone na podstawie w\u0142asnych obserwacji lub plik\u00f3w cookies;<br \/>\nDane publiczne pozyskiwane z Internetu i profili spo\u0142eczno\u015bciowych;<br \/>\nJe\u015bli otrzymujesz od nas wiadomo\u015bci e-mail, rejestrujemy interakcje (zachowanie otwierania i klikania);<br \/>\nPodstawow\u0105 zasad\u0105 jest to, \u017ce Camping 2000 nie b\u0119dzie przetwarza\u0142 wi\u0119cej danych osobowych, ni\u017c jest to konieczne do cel\u00f3w opisanych poni\u017cej.<\/p>\n<p>Podstawa prawna przetwarzania<\/p>\n<p>Przetwarzanie danych osobowych odbywa si\u0119 w oparciu o nast\u0119puj\u0105ce zasady z art. 6 og\u00f3lnego rozporz\u0105dzenia o ochronie danych: Niezb\u0119dne do wykonania zawartej z Tob\u0105 umowy<\/p>\n<h4>Prawne zobowi\u0105zanie<\/h4>\n<p>Uzasadnione interesy (marketingowe) Camping 2000<br \/>\nZgoda u\u017cytkownika<\/p>\n<p>Uzasadnione interesy to: marketing, reklama, zapobieganie oszustwom, badanie i analiza w\u0142asnych us\u0142ug, sprawy prawne.<br \/>\nW przypadku uzasadnionego interesu rozwa\u017camy, czy interes ten jest wi\u0119kszy ni\u017c Tw\u00f3j interes w zakresie prywatno\u015bci.<br \/>\nJe\u015bli chcesz sprzeciwi\u0107 si\u0119 sposobowi, w jaki przetwarzamy dane osobowe, mo\u017cesz skontaktowa\u0107 si\u0119 z: Tel: 0042-0485179621<\/p>\n<h4>W jakim celu i na jakiej podstawie przetwarzamy dane osobowe<\/h4>\n<p>Wykorzystujemy Twoje dane osobowe w celu \u015bwiadczenia us\u0142ug, o kt\u00f3re prosisz.<\/p>\n<p>Twoje dane osobowe b\u0119d\u0105 przetwarzane przez Camping 2000 w nast\u0119puj\u0105cych celach:<\/p>\n<p>Budowanie i utrzymywanie relacji z klientami, w tym utrzymywanie bezpo\u015bredniej relacji pomi\u0119dzy stron\u0105 odpowiedzialn\u0105 a partnerami (wsp\u00f3\u0142pracy), w tym w celach handlowych.<br \/>\nW celu wykonania zawartej z Tob\u0105 umowy (um\u00f3w) \u015bwiadczone s\u0105 us\u0142ugi, w tym przetwarzanie do naszych administracji finansowych.<br \/>\n\u015awiadczenie obs\u0142ugi klienta, w tym us\u0142ugi zwi\u0105zanej z zakupem us\u0142ug i obs\u0142ug\u0105 zg\u0142osze\u0144 lub (wsparcia) pyta\u0144.<br \/>\nW niekt\u00f3rych przypadkach utrzymywanie komunikacji z partnerami wsp\u00f3\u0142pracuj\u0105cymi nale\u017c\u0105cymi do naszej sieci (w tym tw\u00f3rcami stron internetowych i agencjami reklamowymi) w celu proaktywnego kontaktu z klientami w kontek\u015bcie pyta\u0144 serwisowych i poprawy wydajno\u015bci us\u0142ugi.<br \/>\nProwadzenie bada\u0144 rynkowych w celu poprawy naszej dzia\u0142alno\u015bci i us\u0142ug.<br \/>\nUmiej\u0119tno\u015b\u0107 komunikowania si\u0119 r\u00f3\u017cnymi kana\u0142ami (telefon, e-mail, media spo\u0142eczno\u015bciowe, strona internetowa, poczta) zar\u00f3wno z punktu widzenia us\u0142ug, jak i marketingu.<br \/>\nZbli\u017cy\u0107 si\u0119 do Ciebie ze zmianami w us\u0142udze lub innymi (komercyjnymi) informacjami.<br \/>\nPoprawienie tre\u015bci naszej komunikacji poprzez dopasowanie jej do Twoich osobistych preferencji.<br \/>\n(Dalszy) rozw\u00f3j i doskonalenie nowych i istniej\u0105cych us\u0142ug.<br \/>\nWype\u0142nianie zobowi\u0105za\u0144 prawnych, rozwi\u0105zywanie spor\u00f3w i egzekwowanie naszych praw i um\u00f3w.<br \/>\nAnalizowanie plik\u00f3w cookie na naszych stronach internetowych. Robimy to, aby jak najlepiej dostosowa\u0107 tre\u015b\u0107 naszej komunikacji do Twoich osobistych preferencji. Robimy to tylko za Twoj\u0105 zgod\u0105.<\/p>\n<h4>Jak d\u0142ugo przechowujemy dane osobowe<\/h4>\n<p>Camping 2000 nie przechowuje Twoich danych osobowych d\u0142u\u017cej, ni\u017c jest to bezwzgl\u0119dnie konieczne do realizacji cel\u00f3w, dla kt\u00f3rych Twoje dane s\u0105 gromadzone.<br \/>\nStosujemy nast\u0119puj\u0105ce okresy przechowywania dla nast\u0119puj\u0105cych kategorii danych osobowych:<\/p>\n<ul>\n<li>Formularz kontaktowy: max. 2 lata<\/li>\n<li>Zapytanie przez e-mail: max. 2 lata<\/li>\n<li>Inne formy: max. 2 lata<\/li>\n<li>Subskrypcja newslettera: Do momentu wyrejestrowania<\/li>\n<li>Dane klienta: Maksymalnie 7 lat<\/li>\n<\/ul>\n<h4>Udost\u0119pnianie danych osobowych podmiotom trzecim<\/h4>\n<p>Camping 2000 nie przekazuje Pa\u0144stwa danych osobowych podmiotom trzecim, chyba \u017ce jest to konieczne do wykonania umowy i wywi\u0105zania si\u0119 z obowi\u0105zku prawnego.<br \/>\nCamping 2000 korzysta r\u00f3wnie\u017c z us\u0142ug stron trzecich, kt\u00f3re dzia\u0142aj\u0105 jako \u201eprzetwarzacze\u201d (np. dostawcy us\u0142ug hostingowych).<br \/>\nUs\u0142ugodawcy ci b\u0119d\u0105 przetwarza\u0107 dane osobowe wy\u0142\u0105cznie zgodnie z Camping 2000.<\/p>\n<h4>Polityka prywatno\u015bci Inne strony internetowe<\/h4>\n<p>Camping 2000 nie ponosi odpowiedzialno\u015bci za wykorzystanie Twoich danych przez te organizacje.<br \/>\nZaleca si\u0119 zapoznanie si\u0119 z polityk\u0105 prywatno\u015bci odpowiedniej witryny.<\/p>\n<h4>Pliki cookie lub podobne techniki, kt\u00f3rych u\u017cywamy<\/h4>\n<p>Plik cookie to ma\u0142y plik tekstowy, kt\u00f3ry jest przechowywany w przegl\u0105darce komputera, tabletu lub smartfona podczas pierwszej wizyty na tej stronie.<br \/>\nCamping 2000 u\u017cywa plik\u00f3w cookie o czysto technicznej funkcjonalno\u015bci. S\u0142u\u017c\u0105 one do usprawnienia dzia\u0142ania serwisu, u\u0142atwienia korzystania z serwisu oraz mierzenia, czy odwiedzaj\u0105cy mog\u0105 \u0142atwo znale\u017a\u0107 po\u017c\u0105dane informacje na naszej stronie.<br \/>\nPonadto umieszczamy pliki cookie, kt\u00f3re \u015bledz\u0105 Twoje zachowanie podczas surfowania. Podczas Twojej pierwszej wizyty na naszej stronie internetowej poinformowali\u015bmy Ci\u0119 ju\u017c o tych plikach cookie i poprosili\u015bmy o zgod\u0119 na ich umieszczenie. Mo\u017cesz r\u00f3wnie\u017c zrezygnowa\u0107 z plik\u00f3w cookie, ustawiaj\u0105c przegl\u0105dark\u0119 internetow\u0105 tak, aby nie przechowywa\u0142a ju\u017c plik\u00f3w cookie.<\/p>\n<h4>Przegl\u0105daj, modyfikuj lub usuwaj dane<\/h4>\n<p>Masz prawo wgl\u0105du do swoich danych osobowych, ich poprawiania lub usuni\u0119cia. Ponadto masz prawo do cofni\u0119cia ka\u017cdej zgody na przetwarzanie danych lub wniesienia sprzeciwu wobec przetwarzania Twoich danych osobowych przez Camping 2000 oraz masz prawo do przenoszenia danych. Oznacza to, \u017ce mo\u017cesz z\u0142o\u017cy\u0107 do nas wniosek o przes\u0142anie danych osobowych, kt\u00f3re posiadamy o Tobie w pliku komputerowym do Ciebie lub innej wskazanej przez Ciebie organizacji. Mo\u017cesz wys\u0142a\u0107 swoj\u0105 pro\u015bb\u0119 do:<\/p>\n<p>info@camping2000.com.<br \/>\nOdpowiemy na Twoj\u0105 pro\u015bb\u0119 tak szybko, jak to mo\u017cliwe, ale w ci\u0105gu czterech tygodni.<\/p>\n<p>Camping 2000 pragnie r\u00f3wnie\u017c zaznaczy\u0107, \u017ce masz mo\u017cliwo\u015b\u0107 z\u0142o\u017cenia skargi do krajowego organu nadzorczego, holenderskiego organu ochrony danych.<br \/>\nMo\u017cesz to zrobi\u0107 za po\u015brednictwem nast\u0119puj\u0105cego linku: https:\/\/autoriteitpersoonsgegevens.nl\/nl\/contact-met-de-autoriteit-persoonsgegevens\/tip-ons<\/p>\n<h4>Identyfikacja<\/h4>\n<p>Sk\u0142adaj\u0105c wniosek, mo\u017cemy poprosi\u0107 Ci\u0119 o kopi\u0119 dowodu to\u017csamo\u015bci, aby\u015bmy mieli pewno\u015b\u0107, \u017ce wniosek zosta\u0142 z\u0142o\u017cony przez Ciebie i \u017ce nie przekazujemy Twoich danych osobowych niew\u0142a\u015bciwej stronie ani nie wprowadzamy nieodpowiednich zmian w Twoim dane.<\/p>\n<h4>Jak chronimy dane osobowe<\/h4>\n<p>Camping 2000 powa\u017cnie traktuje ochron\u0119 Twoich danych i podejmuje odpowiednie \u015brodki, aby zapobiec niew\u0142a\u015bciwemu u\u017cyciu, utracie, nieautoryzowanemu dost\u0119powi, niepo\u017c\u0105danemu ujawnieniu i nieautoryzowanym zmianom. Mi\u0119dzy innymi podj\u0119li\u015bmy nast\u0119puj\u0105ce \u015brodki w celu ochrony Twoich danych:<\/p>\n<p>Sprz\u0119t jest wyposa\u017cony w aktualne oprogramowanie zabezpieczaj\u0105ce oraz najnowsze aktualizacje.<br \/>\nDost\u0119p do danych osobowych jest szyfrowany.<br \/>\nJe\u015bli uwa\u017casz, \u017ce Twoje dane nie s\u0105 odpowiednio zabezpieczone lub istniej\u0105 oznaki niew\u0142a\u015bciwego wykorzystania, skontaktuj si\u0119 z nami pod numerem telefonu: 0042-0485179621<\/p>\n<h4>Odpowiedzialno\u015b\u0107 i odpowiedzialno\u015b\u0107<\/h4>\n<p>Camping 2000 nie ponosi \u017cadnej odpowiedzialno\u015bci za tre\u015bci uzyskane z innych stron internetowych.<br \/>\nPonosisz wy\u0142\u0105czn\u0105 odpowiedzialno\u015b\u0107 za sw\u00f3j wyb\u00f3r korzystania z tych stron internetowych.<\/p>\n<h4>Szczeg\u00f3\u0142y kontaktu<\/h4>\n<p>W przypadku pyta\u0144 i\/lub komentarzy dotycz\u0105cych niniejszego o\u015bwiadczenia o ochronie prywatno\u015bci prosimy o kontakt:<\/p>\n<p>Camping 2000 Januv Dul SRO<\/p>\n<p>stycze\u0144 gru 15<\/p>\n<p>Januv Dul<br \/>\n0042-0485179621<\/p>\n<h4>Zmiany w polityce prywatno\u015bci<\/h4>\n<p>Spos\u00f3b, w jaki przetwarzamy dane osobowe oraz sk\u0142ad lub ilo\u015b\u0107 przetwarzanych przez nas danych, mo\u017ce ulec zmianie. Je\u015bli chcesz je zobaczy\u0107, skontaktuj si\u0119 z nami. Aktualna polityka prywatno\u015bci zosta\u0142a zaktualizowana w dniu 14-05-2019.<\/p>\n","protected":false},"excerpt":{"rendered":"<p>Camping 2000 Januv Dul SRO, (KVK.nr.: 25038222, Januv Dul 15,  [&#8230;]<\/p>\n","protected":false},"author":2,"featured_media":0,"parent":0,"menu_order":9,"comment_status":"closed","ping_status":"closed","template":"","meta":{"_acf_changed":false,"footnotes":""},"class_list":["post-12202","page","type-page","status-publish","hentry"],"acf":[],"_links":{"self":[{"href":"https:\/\/camping2000.com\/pl\/wp-json\/wp\/v2\/pages\/12202","targetHints":{"allow":["GET"]}}],"collection":[{"href":"https:\/\/camping2000.com\/pl\/wp-json\/wp\/v2\/pages"}],"about":[{"href":"https:\/\/camping2000.com\/pl\/wp-json\/wp\/v2\/types\/page"}],"author":[{"embeddable":true,"href":"https:\/\/camping2000.com\/pl\/wp-json\/wp\/v2\/users\/2"}],"replies":[{"embeddable":true,"href":"https:\/\/camping2000.com\/pl\/wp-json\/wp\/v2\/comments?post=12202"}],"version-history":[{"count":0,"href":"https:\/\/camping2000.com\/pl\/wp-json\/wp\/v2\/pages\/12202\/revisions"}],"wp:attachment":[{"href":"https:\/\/camping2000.com\/pl\/wp-json\/wp\/v2\/media?parent=12202"}],"curies":[{"name":"wp","href":"https:\/\/api.w.org\/{rel}","templated":true}]}}