{"id":12888,"date":"2024-09-17T14:38:04","date_gmt":"2024-09-17T12:38:04","guid":{"rendered":"https:\/\/camping2000.com\/cennik\/"},"modified":"2025-09-19T09:50:30","modified_gmt":"2025-09-19T07:50:30","slug":"cennik","status":"publish","type":"page","link":"https:\/\/camping2000.com\/pl\/cennik\/","title":{"rendered":"Cennik"},"content":{"rendered":"<p><div class=\"fusion-fullwidth fullwidth-box fusion-builder-row-1 fusion-flex-container has-pattern-background has-mask-background nonhundred-percent-fullwidth non-hundred-percent-height-scrolling\" style=\"--awb-border-radius-top-left:0px;--awb-border-radius-top-right:0px;--awb-border-radius-bottom-right:0px;--awb-border-radius-bottom-left:0px;--awb-flex-wrap:wrap;\" ><div class=\"fusion-builder-row fusion-row fusion-flex-align-items-flex-start fusion-flex-content-wrap\" style=\"max-width:1248px;margin-left: calc(-4% \/ 2 );margin-right: calc(-4% \/ 2 );\"><div class=\"fusion-layout-column fusion_builder_column fusion-builder-column-0 fusion_builder_column_1_1 1_1 fusion-flex-column\" style=\"--awb-bg-size:cover;--awb-width-large:100%;--awb-margin-top-large:16px;--awb-spacing-right-large:1.92%;--awb-margin-bottom-large:16px;--awb-spacing-left-large:1.92%;--awb-width-medium:100%;--awb-order-medium:0;--awb-spacing-right-medium:1.92%;--awb-spacing-left-medium:1.92%;--awb-width-small:100%;--awb-order-small:0;--awb-spacing-right-small:1.92%;--awb-spacing-left-small:1.92%;\"><div class=\"fusion-column-wrapper fusion-column-has-shadow fusion-flex-justify-content-flex-start fusion-content-layout-column\"><div class=\"fusion-text fusion-text-1\"><p>W\u00a0tym cenniku znajdziesz og\u00f3lne informacje o\u00a0cenach za r\u00f3\u017cne rodzaje miejsc kempingowych i\u00a0zakwaterowania. Podane s\u0105 w\u00a0nim ceny za wynajem wyposa\u017conych namiot\u00f3w i\u00a0domk\u00f3w wakacyjnych na jedn\u0105 noc. Znajdziesz w\u00a0nim r\u00f3wnie\u017c stawki za wszelkie dodatkowe koszty, takie jak pr\u0105d, op\u0142aty za pobyt zwierz\u0105t i\u00a0podatek turystyczny.<\/p>\n<\/div><div class=\"fusion-title title fusion-title-1 fusion-sep-none fusion-title-text fusion-title-size-two\" style=\"--awb-margin-top-small:0px;--awb-margin-right-small:0px;--awb-margin-bottom-small:8px;--awb-margin-left-small:0px;\"><h2 class=\"fusion-title-heading title-heading-left fusion-responsive-typography-calculated\" style=\"margin:0;text-transform:none;--fontSize:48;line-height:1.18;\">Dodatkowe op\u0142aty<\/h2><\/div><\/div><\/div><div class=\"fusion-layout-column fusion_builder_column fusion-builder-column-1 fusion_builder_column_2_3 2_3 fusion-flex-column\" style=\"--awb-bg-size:cover;--awb-width-large:66.666666666667%;--awb-margin-top-large:16px;--awb-spacing-right-large:2.88%;--awb-margin-bottom-large:16px;--awb-spacing-left-large:2.88%;--awb-width-medium:66.666666666667%;--awb-order-medium:0;--awb-spacing-right-medium:2.88%;--awb-spacing-left-medium:2.88%;--awb-width-small:100%;--awb-order-small:0;--awb-spacing-right-small:1.92%;--awb-spacing-left-small:1.92%;\"><div class=\"fusion-column-wrapper fusion-column-has-shadow fusion-flex-justify-content-flex-start fusion-content-layout-column\"><div class=\"fusion-title title fusion-title-2 fusion-sep-none fusion-title-text fusion-title-size-three\" style=\"--awb-margin-top-small:0px;--awb-margin-right-small:0px;--awb-margin-bottom-small:8px;--awb-margin-left-small:0px;--awb-font-size:20px;\"><h3 class=\"fusion-title-heading title-heading-left fusion-responsive-typography-calculated\" style=\"margin:0;text-transform:none;font-size:1em;--fontSize:20;line-height:1.13;\">Kaucja<\/h3><\/div><div class=\"fusion-text fusion-text-2\"><p>Kaucja wynosi 100\u00a0EUR za zakwaterowanie i\u00a0200\u00a0EUR za luksusowe domki wakacyjne. B\u0119dzie ona wymagana po przyje\u017adzie na kemping i\u00a0zostanie zwr\u00f3cona na wskazane konto bankowe tydzie\u0144 po wyje\u017adzie.<\/p>\n<\/div><div class=\"fusion-title title fusion-title-3 fusion-sep-none fusion-title-text fusion-title-size-two\" style=\"--awb-margin-top-small:0px;--awb-margin-right-small:0px;--awb-margin-bottom-small:8px;--awb-margin-left-small:0px;--awb-font-size:20px;\"><h2 class=\"fusion-title-heading title-heading-left fusion-responsive-typography-calculated\" style=\"margin:0;text-transform:none;font-size:1em;--fontSize:20;line-height:1.18;\">Podatek turystyczny<\/h2><\/div><div class=\"fusion-text fusion-text-3\"><p>Ceny nie obejmuj\u0105 podatku turystycznego 17\u00a0Kc za dzie\u0144 i\u00a0podatku \u015brodowiskowego 5\u00a0Kc za dzie\u0144 za ka\u017cd\u0105 osob\u0119 od 12\u00a0roku \u017cycia.<\/p>\n<\/div><div class=\"fusion-title title fusion-title-4 fusion-sep-none fusion-title-text fusion-title-size-two\" style=\"--awb-margin-top-small:0px;--awb-margin-right-small:0px;--awb-margin-bottom-small:8px;--awb-margin-left-small:0px;--awb-font-size:20px;\"><h2 class=\"fusion-title-heading title-heading-left fusion-responsive-typography-calculated\" style=\"margin:0;text-transform:none;font-size:1em;--fontSize:20;line-height:1.18;\">Prysznic<\/h2><\/div><div class=\"fusion-text fusion-text-4\"><p>Mo\u017cesz skorzysta\u0107 z\u00a0\u201eKropelki\u201d, czyli \u017cetonu, na kt\u00f3ry mo\u017cesz wp\u0142aci\u0107 pieni\u0105dze. Wszelkie \u015brodki, kt\u00f3re zostan\u0105 na koncie, zostan\u0105 Ci zwr\u00f3cone po oddaniu go w\u00a0recepcji.<\/p>\n<\/div><\/div><\/div><div class=\"fusion-layout-column fusion_builder_column fusion-builder-column-2 fusion_builder_column_1_3 1_3 fusion-flex-column\" style=\"--awb-bg-size:cover;--awb-width-large:33.333333333333%;--awb-margin-top-large:16px;--awb-spacing-right-large:5.76%;--awb-margin-bottom-large:16px;--awb-spacing-left-large:5.76%;--awb-width-medium:33.333333333333%;--awb-order-medium:0;--awb-spacing-right-medium:5.76%;--awb-spacing-left-medium:5.76%;--awb-width-small:100%;--awb-order-small:0;--awb-spacing-right-small:1.92%;--awb-spacing-left-small:1.92%;\"><div class=\"fusion-column-wrapper fusion-column-has-shadow fusion-flex-justify-content-flex-start fusion-content-layout-column\"><div class=\"fusion-title title fusion-title-5 fusion-sep-none fusion-title-text fusion-title-size-two\" style=\"--awb-margin-top-small:0px;--awb-margin-right-small:0px;--awb-margin-bottom-small:8px;--awb-margin-left-small:0px;--awb-font-size:20px;\"><h2 class=\"fusion-title-heading title-heading-left fusion-responsive-typography-calculated\" style=\"margin:0;text-transform:none;font-size:1em;--fontSize:20;line-height:1.18;\">Dodatkowe opcje do wynaj\u0119cia<\/h2><\/div><div class=\"fusion-text fusion-text-5\"><div class=\"elementor-element elementor-element-28333bf2 elementor-widget elementor-widget-text-editor\" data-id=\"28333bf2\" data-element_type=\"widget\" data-widget_type=\"text-editor.default\">\n<div class=\"elementor-widget-container\">\n<ul>\n<li><strong>Zestaw dla dzieci:<\/strong> \u0142\u00f3\u017ceczko i\u00a0krzese\u0142ko dla dzieci.<\/li>\n<li><strong>\u015aciereczki kuchenne:<\/strong> 2\u00a0r\u0119czniki kuchenne, 2\u00a0\u015bciereczki do naczy\u0144.<\/li>\n<li><strong>Zestaw r\u0119cznik\u00f3w:<\/strong> 1\u00a0ma\u0142y i\u00a01\u00a0du\u017cy r\u0119cznik.<\/li>\n<li><strong>Lod\u00f3wka:<\/strong> lod\u00f3wka bez zamra\u017carki, na 1\u00a0dzie\u0144.<\/li>\n<li><strong>Palenisko:<\/strong> za 1\u00a0dzie\u0144<\/li>\n<li><strong>Dodatkowy namiot:<\/strong> w\u0142asny, za 1\u00a0dzie\u0144<\/li>\n<li><strong>Dodatkowe Wi-Fi:<\/strong> 35\u00a0GB za 17\u00a0EUR, do wykorzystania przez tydzie\u0144, do kupienia na kempingu.\/li&gt;<\/li>\n<\/ul>\n<\/div>\n<\/div>\n<\/div><\/div><\/div><\/div><\/div><div class=\"fusion-fullwidth fullwidth-box fusion-builder-row-2 fusion-flex-container has-pattern-background has-mask-background nonhundred-percent-fullwidth non-hundred-percent-height-scrolling\" style=\"--awb-border-radius-top-left:0px;--awb-border-radius-top-right:0px;--awb-border-radius-bottom-right:0px;--awb-border-radius-bottom-left:0px;--awb-flex-wrap:wrap;\" ><div class=\"fusion-builder-row fusion-row fusion-flex-align-items-flex-start fusion-flex-content-wrap\" style=\"max-width:1248px;margin-left: calc(-4% \/ 2 );margin-right: calc(-4% \/ 2 );\"><div class=\"fusion-layout-column fusion_builder_column fusion-builder-column-3 fusion_builder_column_1_1 1_1 fusion-flex-column\" style=\"--awb-bg-size:cover;--awb-width-large:100%;--awb-margin-top-large:16px;--awb-spacing-right-large:1.92%;--awb-margin-bottom-large:16px;--awb-spacing-left-large:1.92%;--awb-width-medium:100%;--awb-order-medium:0;--awb-spacing-right-medium:1.92%;--awb-spacing-left-medium:1.92%;--awb-width-small:100%;--awb-order-small:0;--awb-spacing-right-small:1.92%;--awb-spacing-left-small:1.92%;\"><div class=\"fusion-column-wrapper fusion-column-has-shadow fusion-flex-justify-content-flex-start fusion-content-layout-column\"><div class=\"fusion-title title fusion-title-6 fusion-sep-none fusion-title-text fusion-title-size-two\" style=\"--awb-margin-top-small:0px;--awb-margin-right-small:0px;--awb-margin-bottom-small:8px;--awb-margin-left-small:0px;\"><h2 class=\"fusion-title-heading title-heading-left fusion-responsive-typography-calculated\" style=\"margin:0;text-transform:none;--fontSize:48;line-height:1.18;\">Cennik zakwaterowania<\/h2><\/div><script src=\"https:\/\/www.tommybookingsupport.com\/widget\/js\/tommy.matrix.js\" type=\"application\/javascript\" language=\"javascript\"><\/script>\n<div class=\"tommy-matrix\"\n    data-api-key=\"Camping2000:4bc36f803d46036a145f58d10429b2623e78c25024a176a648cd7d79fd1b4591\"\n    data-language=\"gb\"\n    data-skip-to-location=\"true\"\n    data-start-date=\"2026-04-01\"\n    data-sales-channel=\"1009\"\n    data-booking-url=\"https:\/\/camping2000.com\/pl\/zarezerwuj-teraz\/\"\n    data-duration-type=\"plain\"\n    data-durations=\"1,2,3,4,5,6,7,8,9,10,11,12,13,14,15,16,17,18,19,20,21,22,23,24,25, weekend, midweek\"\n    data-filters=\"month,persons,durations\"\n    data-calendar=\"true\"\n>\n<\/div><\/div><\/div><\/div><\/div><\/p>\n","protected":false},"excerpt":{"rendered":"","protected":false},"author":2,"featured_media":11468,"parent":0,"menu_order":6,"comment_status":"closed","ping_status":"closed","template":"100-width.php","meta":{"_acf_changed":false,"footnotes":""},"class_list":["post-12888","page","type-page","status-publish","has-post-thumbnail","hentry"],"acf":[],"_links":{"self":[{"href":"https:\/\/camping2000.com\/pl\/wp-json\/wp\/v2\/pages\/12888","targetHints":{"allow":["GET"]}}],"collection":[{"href":"https:\/\/camping2000.com\/pl\/wp-json\/wp\/v2\/pages"}],"about":[{"href":"https:\/\/camping2000.com\/pl\/wp-json\/wp\/v2\/types\/page"}],"author":[{"embeddable":true,"href":"https:\/\/camping2000.com\/pl\/wp-json\/wp\/v2\/users\/2"}],"replies":[{"embeddable":true,"href":"https:\/\/camping2000.com\/pl\/wp-json\/wp\/v2\/comments?post=12888"}],"version-history":[{"count":0,"href":"https:\/\/camping2000.com\/pl\/wp-json\/wp\/v2\/pages\/12888\/revisions"}],"wp:featuredmedia":[{"embeddable":true,"href":"https:\/\/camping2000.com\/pl\/wp-json\/wp\/v2\/media\/11468"}],"wp:attachment":[{"href":"https:\/\/camping2000.com\/pl\/wp-json\/wp\/v2\/media?parent=12888"}],"curies":[{"name":"wp","href":"https:\/\/api.w.org\/{rel}","templated":true}]}}